{"id":156,"date":"2017-07-24T09:02:28","date_gmt":"2017-07-24T13:02:28","guid":{"rendered":"http:\/\/frigoman.ca\/?page_id=156"},"modified":"2020-02-06T16:06:23","modified_gmt":"2020-02-06T21:06:23","slug":"frigoman-homepage","status":"publish","type":"page","link":"https:\/\/frigoman.ca\/qc\/","title":{"rendered":"Page d&rsquo;acceuil"},"content":{"rendered":"<p><a href=\"http:\/\/frigoman.ca\/wp-content\/uploads\/2017\/11\/Airdyne-Products-FR.jpg\"><img decoding=\"async\" loading=\"lazy\" class=\"aligncenter wp-image-397 size-full\" src=\"http:\/\/frigoman.ca\/wp-content\/uploads\/2017\/11\/Airdyne-Products-FR.jpg\" alt=\"\" width=\"1920\" height=\"1565\" srcset=\"https:\/\/frigoman.ca\/wp-content\/uploads\/2017\/11\/Airdyne-Products-FR.jpg 1920w, https:\/\/frigoman.ca\/wp-content\/uploads\/2017\/11\/Airdyne-Products-FR-300x245.jpg 300w, https:\/\/frigoman.ca\/wp-content\/uploads\/2017\/11\/Airdyne-Products-FR-768x626.jpg 768w, https:\/\/frigoman.ca\/wp-content\/uploads\/2017\/11\/Airdyne-Products-FR-1024x835.jpg 1024w, https:\/\/frigoman.ca\/wp-content\/uploads\/2017\/11\/Airdyne-Products-FR-1600x1304.jpg 1600w\" sizes=\"(max-width: 1920px) 100vw, 1920px\" \/><\/a><\/p>\n<h3>\u00c9quipEments &#8211; VENTE ET Service<\/h3>\n<p>FrigoMan Inc. est le distributeur exclusif au Qu\u00e9bec de tout les produits de r\u00e9frig\u00e9ration commerciale RMI, Airdyne, Econocold et Clarkdoor, incluant les syst\u00e8mes de r\u00e9frig\u00e9ration au glycol en boucle Glycol-Pak et Chiller-Pak qui sont approuv\u00e9s par la ville de Montr\u00e9al et conforment aux nouveaux r\u00e8glements 2018 sur l&rsquo;utilisation de l&rsquo;eau; RCG 13-011 et RCG 13-023.<\/p>\n<p>Aussi, nous vendons et faisons le service sur tout les types d&rsquo;\u00e9quipements de r\u00e9frig\u00e9ration commerciale incluant des chambres froides et cong\u00e9lateurs, comptoirs de pr\u00e9sentation r\u00e9frig\u00e9r\u00e9, machines \u00e0 slush et de cr\u00e8me glac\u00e9e ainsi que des batch freezers, pasteurisateurs, table de pr\u00e9paration et autres \u00e9quipements de cuisine r\u00e9frig\u00e9r\u00e9. We also sell and service all types of commercial refrigeration equipment including walk-in coolers and freezers, refrigerated display cases, ice cream and slush machines as well as batch freezers, pasteurizers, prep tables and other refrigerated kitchen equipment.<\/p>\n<p><a href=\"http:\/\/frigoman.ca\/qc\/products\/\" target=\"_self\" rel=\"noopener noreferrer\">Plus d&rsquo;infos<\/a><\/p>\n<p><a href=\"#\" target=\"_self\" rel=\"noopener noreferrer\"><br \/>\n<img decoding=\"async\" src=\"http:\/\/frigoman.ca\/wp-content\/uploads\/2017\/07\/gelataia-2198818_1920.jpg\" alt=\"\" \/><br \/>\n<\/a><\/p>\n<h3>CR\u00c8ME Glac\u00c9E et Gelato<\/h3>\n<p>Une de nos sp\u00e9cialit\u00e9s est la vente et le service de tous les types d&rsquo;\u00e9quipements de fabrication de cr\u00e8me glac\u00e9e; des machines \u00e0 cr\u00e8me glac\u00e9e molle aux comptoirs de pr\u00e9sentation de gelato artisanale et des pasteurisateurs aux batch freezers nous servons les bars laitiers, les boutiques sp\u00e9cialis\u00e9es et les manufacturiers depuis plus de 30 ans. Nos clients incluent des marques reconnus dans le domaine comme Dairy Queen, La Cr\u00e8mi\u00e8re ainsi que Chocolat Privil\u00e8ge et des installations gouvernementale.<\/p>\n<p><a href=\"http:\/\/frigoman.ca\/qc\/services\/\" target=\"_self\" rel=\"noopener noreferrer\">Plus d&rsquo;infos<\/a><br \/>\n<a href=\"#\" target=\"_self\" rel=\"noopener noreferrer\"><br \/>\n<img decoding=\"async\" src=\"http:\/\/frigoman.ca\/wp-content\/uploads\/2017\/07\/bar-for-site.jpg\" alt=\"\" \/><br \/>\n<\/a><\/p>\n<h3>R\u00c9frig\u00c9ration\u00a0 CommercialE &#8211; R\u00c9PARATION, VENTE ET ENTRETIEN<\/h3>\n<p>Que vous soyez en train de planifier une nouvelle entreprise ou g\u00e9rer sa croissance, faire une mise \u00e0 jour de votre syst\u00e8me de r\u00e9frig\u00e9ration, ayez besoin de r\u00e9paration d&rsquo;urgence ou un service d&rsquo;entretien r\u00e9gulier, FrigoMan inc. peut satisfaire tout vos besoins en r\u00e9frig\u00e9ration commerciale. Avec plus de 30 ann\u00e9es d&rsquo;exp\u00e9rience dans le domaine nous approchons chaque projet, petit ou grand avec le m\u00eame niveau d&rsquo;engagement et de professionnalisme qui assure la satisfaction de nos clients et leur loyaut\u00e9 ann\u00e9e apr\u00e8s ann\u00e9e&#8230;&#8230;.. et vous le serez aussi!<\/p>\n<p><a href=\"http:\/\/frigoman.ca\/qc\/services\/\" target=\"_self\" rel=\"noopener noreferrer\">Plus d&rsquo;infos<\/a><br \/>\n<a href=\"#\" target=\"_self\" rel=\"noopener noreferrer\"><br \/>\n<img decoding=\"async\" src=\"http:\/\/frigoman.ca\/wp-content\/uploads\/2017\/07\/burner-for-site.jpg\" alt=\"\" \/><br \/>\n<\/a><\/p>\n<h3>EXPERT EN \u00c9VALUATION POUR ASSURANCE<\/h3>\n<p>\u00cates-vous un ajusteur en r\u00e9clamations d&rsquo;assurance certifi\u00e9, une compagnie d&rsquo;assurance ou un cabinet d&rsquo;expert en sinistre, de restauration ou d&rsquo;\u00e9valuateurs d&rsquo;\u00e9quipement?\u00a0 FrigoMan inc. peut vous offrir des services d&rsquo;\u00e9valuation et des rapports d&rsquo;expertise d\u00e9taill\u00e9s pour tout types d&rsquo;\u00e9quipements de r\u00e9frig\u00e9ration et de cuisine commerciale endommag\u00e9s par incendie, inondation ou autre d\u00e9sastre. Nous ex\u00e9cutons des inspections de site ponctuelle et vous livrons des rapports compr\u00e9hensifs d\u00e9taill\u00e9s, qui font de nous les chefs de fil de l&rsquo;industrie\u00ad.<\/p>\n<p><a href=\"http:\/\/frigoman.ca\/qc\/services\/\" target=\"_self\" rel=\"noopener noreferrer\">Plus d&rsquo;infos<\/a><\/p>\n","protected":false},"excerpt":{"rendered":"<p>\u00c9quipEments &#8211; VENTE ET Service FrigoMan Inc. est le distributeur exclusif au Qu\u00e9bec de tout les produits de r\u00e9frig\u00e9ration commerciale&hellip;<\/p>\n","protected":false},"author":1,"featured_media":0,"parent":0,"menu_order":0,"comment_status":"closed","ping_status":"closed","template":"","meta":[],"translation":{"provider":"WPGlobus","version":"2.12.2","language":"qc","enabled_languages":["ca","qc"],"languages":{"ca":{"title":true,"content":true,"excerpt":false},"qc":{"title":true,"content":true,"excerpt":false}}},"yoast_head":"<!-- This site is optimized with the Yoast SEO plugin v20.13 - https:\/\/yoast.com\/wordpress\/plugins\/seo\/ -->\n<title>Distributeur d\u2019\u00e9quipement de r\u00e9frig\u00e9ration commerciale | FrigoMan<\/title>\n<meta name=\"description\" content=\"Nous avons plus de 30 ans d\u2019exp\u00e9rience en tant que distributeur d\u2019\u00e9quipement de r\u00e9frig\u00e9ration commerciale. Faites confiance \u00e0 FrigoMan pour vos besoins d\u2019\u00e9quipement.\" \/>\n<meta name=\"robots\" content=\"index, follow, max-snippet:-1, max-image-preview:large, max-video-preview:-1\" \/>\n<link rel=\"canonical\" href=\"https:\/\/frigoman.ca\/\" \/>\n<meta property=\"og:locale\" content=\"fr_CA\" \/>\n<meta property=\"og:type\" content=\"article\" \/>\n<meta property=\"og:title\" content=\"{:ca}Commercial Refrigeration | Refrigeration Equipment Distributor | FrigoMan{:}{:qc}Distributeur d\u2019\u00e9quipement de r\u00e9frig\u00e9ration commerciale | FrigoMan{:}\" \/>\n<meta property=\"og:description\" content=\"Nous avons plus de 30 ans d\u2019exp\u00e9rience en tant que distributeur d\u2019\u00e9quipement de r\u00e9frig\u00e9ration commerciale. Faites confiance \u00e0 FrigoMan pour vos besoins d\u2019\u00e9quipement.\" \/>\n<meta property=\"og:url\" content=\"https:\/\/frigoman.ca\/\" \/>\n<meta property=\"article:modified_time\" content=\"2020-02-06T21:06:23+00:00\" \/>\n<meta property=\"og:image\" content=\"http:\/\/frigoman.ca\/wp-content\/uploads\/2017\/11\/Airdyne-Products-ENG-1.jpg\" \/>\n<meta name=\"twitter:card\" content=\"summary_large_image\" \/>\n<meta name=\"twitter:label1\" content=\"Estimation du temps de lecture\" \/>\n\t<meta name=\"twitter:data1\" content=\"4 minutes\" \/>\n<script type=\"application\/ld+json\" class=\"yoast-schema-graph\">{\"@context\":\"https:\/\/schema.org\",\"@graph\":[{\"@type\":\"WebPage\",\"@id\":\"https:\/\/frigoman.ca\/\",\"url\":\"https:\/\/frigoman.ca\/\",\"name\":\"Commercial Refrigeration | Refrigeration Equipment Distributor | FrigoMan\",\"isPartOf\":{\"@id\":\"https:\/\/frigoman.ca\/#website\"},\"datePublished\":\"2017-07-24T13:02:28+00:00\",\"dateModified\":\"2020-02-06T21:06:23+00:00\",\"description\":\"Nous avons plus de 30 ans d\u2019exp\u00e9rience en tant que distributeur d\u2019\u00e9quipement de r\u00e9frig\u00e9ration commerciale. Faites confiance \u00e0 FrigoMan pour vos besoins d\u2019\u00e9quipement.\",\"breadcrumb\":{\"@id\":\"https:\/\/frigoman.ca\/#breadcrumb\"},\"inLanguage\":\"fr-CA\",\"potentialAction\":[{\"@type\":\"ReadAction\",\"target\":[\"https:\/\/frigoman.ca\/\"]}]},{\"@type\":\"BreadcrumbList\",\"@id\":\"https:\/\/frigoman.ca\/#breadcrumb\",\"itemListElement\":[{\"@type\":\"ListItem\",\"position\":1,\"name\":\"Home\",\"item\":\"https:\/\/frigoman.ca\/\"},{\"@type\":\"ListItem\",\"position\":2,\"name\":\"Home\"}]},{\"@type\":\"WebSite\",\"@id\":\"https:\/\/frigoman.ca\/#website\",\"url\":\"https:\/\/frigoman.ca\/\",\"name\":\"\",\"description\":\"Les Sp&eacute;cialistes en R&eacute;frig&eacute;ration Commerciale\",\"publisher\":{\"@id\":\"https:\/\/frigoman.ca\/#organization\"},\"potentialAction\":[{\"@type\":\"SearchAction\",\"target\":{\"@type\":\"EntryPoint\",\"urlTemplate\":\"https:\/\/frigoman.ca\/?s={search_term_string}\"},\"query-input\":\"required name=search_term_string\"}],\"inLanguage\":\"fr-CA\"},{\"@type\":\"Organization\",\"@id\":\"https:\/\/frigoman.ca\/#organization\",\"name\":\"FrigoMan inc.\",\"url\":\"https:\/\/frigoman.ca\/\",\"logo\":{\"@type\":\"ImageObject\",\"inLanguage\":\"fr-CA\",\"@id\":\"https:\/\/frigoman.ca\/#\/schema\/logo\/image\/\",\"url\":\"http:\/\/frigoman.ca\/wp-content\/uploads\/2018\/06\/Website-logo-Frigoman.png\",\"contentUrl\":\"http:\/\/frigoman.ca\/wp-content\/uploads\/2018\/06\/Website-logo-Frigoman.png\",\"width\":288,\"height\":99,\"caption\":\"FrigoMan inc.\"},\"image\":{\"@id\":\"https:\/\/frigoman.ca\/#\/schema\/logo\/image\/\"}}]}<\/script>\n<!-- \/ Yoast SEO plugin. -->","yoast_head_json":{"title":"Distributeur d\u2019\u00e9quipement de r\u00e9frig\u00e9ration commerciale | FrigoMan","description":"Nous avons plus de 30 ans d\u2019exp\u00e9rience en tant que distributeur d\u2019\u00e9quipement de r\u00e9frig\u00e9ration commerciale. Faites confiance \u00e0 FrigoMan pour vos besoins d\u2019\u00e9quipement.","robots":{"index":"index","follow":"follow","max-snippet":"max-snippet:-1","max-image-preview":"max-image-preview:large","max-video-preview":"max-video-preview:-1"},"canonical":"https:\/\/frigoman.ca\/","og_locale":"fr_CA","og_type":"article","og_title":"{:ca}Commercial Refrigeration | Refrigeration Equipment Distributor | FrigoMan{:}{:qc}Distributeur d\u2019\u00e9quipement de r\u00e9frig\u00e9ration commerciale | FrigoMan{:}","og_description":"Nous avons plus de 30 ans d\u2019exp\u00e9rience en tant que distributeur d\u2019\u00e9quipement de r\u00e9frig\u00e9ration commerciale. Faites confiance \u00e0 FrigoMan pour vos besoins d\u2019\u00e9quipement.","og_url":"https:\/\/frigoman.ca\/","article_modified_time":"2020-02-06T21:06:23+00:00","og_image":[{"url":"http:\/\/frigoman.ca\/wp-content\/uploads\/2017\/11\/Airdyne-Products-ENG-1.jpg"}],"twitter_card":"summary_large_image","twitter_misc":{"Estimation du temps de lecture":"4 minutes"},"schema":{"@context":"https:\/\/schema.org","@graph":[{"@type":"WebPage","@id":"https:\/\/frigoman.ca\/","url":"https:\/\/frigoman.ca\/","name":"Commercial Refrigeration | Refrigeration Equipment Distributor | FrigoMan","isPartOf":{"@id":"https:\/\/frigoman.ca\/#website"},"datePublished":"2017-07-24T13:02:28+00:00","dateModified":"2020-02-06T21:06:23+00:00","description":"Nous avons plus de 30 ans d\u2019exp\u00e9rience en tant que distributeur d\u2019\u00e9quipement de r\u00e9frig\u00e9ration commerciale. Faites confiance \u00e0 FrigoMan pour vos besoins d\u2019\u00e9quipement.","breadcrumb":{"@id":"https:\/\/frigoman.ca\/#breadcrumb"},"inLanguage":"fr-CA","potentialAction":[{"@type":"ReadAction","target":["https:\/\/frigoman.ca\/"]}]},{"@type":"BreadcrumbList","@id":"https:\/\/frigoman.ca\/#breadcrumb","itemListElement":[{"@type":"ListItem","position":1,"name":"Home","item":"https:\/\/frigoman.ca\/"},{"@type":"ListItem","position":2,"name":"Home"}]},{"@type":"WebSite","@id":"https:\/\/frigoman.ca\/#website","url":"https:\/\/frigoman.ca\/","name":"","description":"Les Sp&eacute;cialistes en R&eacute;frig&eacute;ration Commerciale","publisher":{"@id":"https:\/\/frigoman.ca\/#organization"},"potentialAction":[{"@type":"SearchAction","target":{"@type":"EntryPoint","urlTemplate":"https:\/\/frigoman.ca\/?s={search_term_string}"},"query-input":"required name=search_term_string"}],"inLanguage":"fr-CA"},{"@type":"Organization","@id":"https:\/\/frigoman.ca\/#organization","name":"FrigoMan inc.","url":"https:\/\/frigoman.ca\/","logo":{"@type":"ImageObject","inLanguage":"fr-CA","@id":"https:\/\/frigoman.ca\/#\/schema\/logo\/image\/","url":"http:\/\/frigoman.ca\/wp-content\/uploads\/2018\/06\/Website-logo-Frigoman.png","contentUrl":"http:\/\/frigoman.ca\/wp-content\/uploads\/2018\/06\/Website-logo-Frigoman.png","width":288,"height":99,"caption":"FrigoMan inc."},"image":{"@id":"https:\/\/frigoman.ca\/#\/schema\/logo\/image\/"}}]}},"_links":{"self":[{"href":"https:\/\/frigoman.ca\/qc\/wp-json\/wp\/v2\/pages\/156"}],"collection":[{"href":"https:\/\/frigoman.ca\/qc\/wp-json\/wp\/v2\/pages"}],"about":[{"href":"https:\/\/frigoman.ca\/qc\/wp-json\/wp\/v2\/types\/page"}],"author":[{"embeddable":true,"href":"https:\/\/frigoman.ca\/qc\/wp-json\/wp\/v2\/users\/1"}],"replies":[{"embeddable":true,"href":"https:\/\/frigoman.ca\/qc\/wp-json\/wp\/v2\/comments?post=156"}],"version-history":[{"count":40,"href":"https:\/\/frigoman.ca\/qc\/wp-json\/wp\/v2\/pages\/156\/revisions"}],"predecessor-version":[{"id":500,"href":"https:\/\/frigoman.ca\/qc\/wp-json\/wp\/v2\/pages\/156\/revisions\/500"}],"wp:attachment":[{"href":"https:\/\/frigoman.ca\/qc\/wp-json\/wp\/v2\/media?parent=156"}],"curies":[{"name":"wp","href":"https:\/\/api.w.org\/{rel}","templated":true}]}}