{"id":158,"date":"2017-07-24T09:02:28","date_gmt":"2017-07-24T13:02:28","guid":{"rendered":"http:\/\/frigoman.ca\/?page_id=158"},"modified":"2019-07-03T15:06:08","modified_gmt":"2019-07-03T19:06:08","slug":"frigoman-commercial-refrigeration-services","status":"publish","type":"page","link":"https:\/\/frigoman.ca\/qc\/frigoman-commercial-refrigeration-services\/","title":{"rendered":"Services"},"content":{"rendered":"<h3><strong>R\u00c9FRIG\u00c9RATION\u00a0<\/strong><strong>COMMERCIALE\u00a0 R\u00c9PARATION ET SERVICE<\/strong><\/h3>\n<p>FrigoMan inc. a plus de 30 ans d&rsquo;exp\u00e9rience en service et r\u00e9paration d&rsquo;\u00e9quipements de r\u00e9frig\u00e9ration commerciale de tout genres. Nous r\u00e9parons et faisons l&rsquo;entretien de tout les types compresseurs, pompes, moteurs ainsi que de r\u00e9frig\u00e9rateurs, cong\u00e9lateurs et \u00e9quipements de pr\u00e9paration d&rsquo;aliments r\u00e9frig\u00e9r\u00e9s. Vous pouvez nous confier tout vos besoins en entretien et r\u00e9paration qui sera ex\u00e9cut\u00e9 par un de nos technicien qualifi\u00e9.<\/p>\n<p><a href=\"http:\/\/frigoman.ca\/wp-content\/uploads\/2018\/06\/frozen-food-1336013_1280.jpg\"><img decoding=\"async\" loading=\"lazy\" class=\"alignnone wp-image-485\" src=\"http:\/\/frigoman.ca\/wp-content\/uploads\/2018\/06\/frozen-food-1336013_1280.jpg\" alt=\"\" width=\"678\" height=\"449\" srcset=\"https:\/\/frigoman.ca\/wp-content\/uploads\/2018\/06\/frozen-food-1336013_1280.jpg 1280w, https:\/\/frigoman.ca\/wp-content\/uploads\/2018\/06\/frozen-food-1336013_1280-300x199.jpg 300w, https:\/\/frigoman.ca\/wp-content\/uploads\/2018\/06\/frozen-food-1336013_1280-768x508.jpg 768w, https:\/\/frigoman.ca\/wp-content\/uploads\/2018\/06\/frozen-food-1336013_1280-1024x678.jpg 1024w\" sizes=\"(max-width: 678px) 100vw, 678px\" \/><\/a><\/p>\n<h3><strong>SERVICE POUR \u00c9QUIPEMENT DE BAR LAITIER<\/strong><\/h3>\n<p>Au cours des ann\u00e9es, nous avons acquis une exp\u00e9rience intensive en r\u00e9paration et service de tout types d&rsquo;\u00e9quipements de bar laitier incluant: cr\u00e8me molle, slush, pasteuriseur, sorbetti\u00e8re et \u00e9quipement de gelato ou tout autre type de pr\u00e9sentoirs r\u00e9frig\u00e9r\u00e9s de gelato et cr\u00e8me glac\u00e9e.<\/p>\n<p><a href=\"http:\/\/frigoman.ca\/wp-content\/uploads\/2018\/06\/ice-cream-1123717_1920.jpg\"><img decoding=\"async\" loading=\"lazy\" class=\"alignnone wp-image-486\" src=\"http:\/\/frigoman.ca\/wp-content\/uploads\/2018\/06\/ice-cream-1123717_1920.jpg\" alt=\"\" width=\"681\" height=\"454\" srcset=\"https:\/\/frigoman.ca\/wp-content\/uploads\/2018\/06\/ice-cream-1123717_1920.jpg 1920w, https:\/\/frigoman.ca\/wp-content\/uploads\/2018\/06\/ice-cream-1123717_1920-300x200.jpg 300w, https:\/\/frigoman.ca\/wp-content\/uploads\/2018\/06\/ice-cream-1123717_1920-768x512.jpg 768w, https:\/\/frigoman.ca\/wp-content\/uploads\/2018\/06\/ice-cream-1123717_1920-1024x682.jpg 1024w, https:\/\/frigoman.ca\/wp-content\/uploads\/2018\/06\/ice-cream-1123717_1920-1600x1066.jpg 1600w\" sizes=\"(max-width: 681px) 100vw, 681px\" \/><\/a><\/p>\n<h3><strong>\u00c9VALUATION ET EXPERTISE POUR ASSURANCE<\/strong><\/h3>\n<p>Nous agissons \u00e0 titre d&rsquo;\u00e9valuateur expert pour les compagnies d&rsquo;assurance, les cabinets d&rsquo;\u00e9valuation et experts en sinistres. Nous fournissons des rapports d&rsquo;expertise d\u00e9taill\u00e9s et compr\u00e9hensifs pour les \u00e9quipements de r\u00e9frig\u00e9ration et de cuisine commerciale endommag\u00e9s par le feu, l&rsquo;eau ou tout autre d\u00e9sastre qui peut avoir un impact sur l&rsquo;entreprise.<\/p>\n<p><a href=\"http:\/\/frigoman.ca\/wp-content\/uploads\/2018\/06\/kitchen-1159532_1920.jpg\"><img decoding=\"async\" loading=\"lazy\" class=\"alignnone wp-image-487\" src=\"http:\/\/frigoman.ca\/wp-content\/uploads\/2018\/06\/kitchen-1159532_1920.jpg\" alt=\"\" width=\"676\" height=\"451\" srcset=\"https:\/\/frigoman.ca\/wp-content\/uploads\/2018\/06\/kitchen-1159532_1920.jpg 1920w, https:\/\/frigoman.ca\/wp-content\/uploads\/2018\/06\/kitchen-1159532_1920-300x200.jpg 300w, https:\/\/frigoman.ca\/wp-content\/uploads\/2018\/06\/kitchen-1159532_1920-768x512.jpg 768w, https:\/\/frigoman.ca\/wp-content\/uploads\/2018\/06\/kitchen-1159532_1920-1024x683.jpg 1024w, https:\/\/frigoman.ca\/wp-content\/uploads\/2018\/06\/kitchen-1159532_1920-1600x1067.jpg 1600w\" sizes=\"(max-width: 676px) 100vw, 676px\" \/><\/a><\/p>\n<h3><\/h3>\n","protected":false},"excerpt":{"rendered":"<p>R\u00c9FRIG\u00c9RATION\u00a0COMMERCIALE\u00a0 R\u00c9PARATION ET SERVICE FrigoMan inc. a plus de 30 ans d&rsquo;exp\u00e9rience en service et r\u00e9paration d&rsquo;\u00e9quipements de r\u00e9frig\u00e9ration commerciale&hellip;<\/p>\n","protected":false},"author":1,"featured_media":0,"parent":0,"menu_order":0,"comment_status":"closed","ping_status":"closed","template":"","meta":[],"translation":{"provider":"WPGlobus","version":"2.12.2","language":"qc","enabled_languages":["ca","qc"],"languages":{"ca":{"title":true,"content":true,"excerpt":false},"qc":{"title":true,"content":true,"excerpt":false}}},"yoast_head":"<!-- This site is optimized with the Yoast SEO plugin v20.13 - https:\/\/yoast.com\/wordpress\/plugins\/seo\/ -->\n<title>Services -<\/title>\n<meta name=\"description\" content=\"rcg 13-011 r\u00e9frig\u00e9ration commerciale glycol pak chiller pak chambre froide cong\u00e9lateur machine cr\u00e8me glac\u00e9e compresseur boucle ferm\u00e9e slush gelato airdyne\" \/>\n<meta name=\"robots\" content=\"index, follow, max-snippet:-1, max-image-preview:large, max-video-preview:-1\" \/>\n<link rel=\"canonical\" href=\"https:\/\/frigoman.ca\/frigoman-commercial-refrigeration-services\/\" \/>\n<meta property=\"og:locale\" content=\"fr_CA\" \/>\n<meta property=\"og:type\" content=\"article\" \/>\n<meta property=\"og:title\" content=\"Services -\" \/>\n<meta property=\"og:description\" content=\"rcg 13-011 r\u00e9frig\u00e9ration commerciale glycol pak chiller pak chambre froide cong\u00e9lateur machine cr\u00e8me glac\u00e9e compresseur boucle ferm\u00e9e slush gelato airdyne\" \/>\n<meta property=\"og:url\" content=\"https:\/\/frigoman.ca\/frigoman-commercial-refrigeration-services\/\" \/>\n<meta property=\"article:modified_time\" content=\"2019-07-03T19:06:08+00:00\" \/>\n<meta property=\"og:image\" content=\"http:\/\/frigoman.ca\/wp-content\/uploads\/2018\/06\/frozen-food-1336013_1280.jpg\" \/>\n<meta name=\"twitter:card\" content=\"summary_large_image\" \/>\n<meta name=\"twitter:label1\" content=\"Estimation du temps de lecture\" \/>\n\t<meta name=\"twitter:data1\" content=\"2 minutes\" \/>\n<script type=\"application\/ld+json\" class=\"yoast-schema-graph\">{\"@context\":\"https:\/\/schema.org\",\"@graph\":[{\"@type\":\"WebPage\",\"@id\":\"https:\/\/frigoman.ca\/frigoman-commercial-refrigeration-services\/\",\"url\":\"https:\/\/frigoman.ca\/frigoman-commercial-refrigeration-services\/\",\"name\":\"Services -\",\"isPartOf\":{\"@id\":\"https:\/\/frigoman.ca\/#website\"},\"datePublished\":\"2017-07-24T13:02:28+00:00\",\"dateModified\":\"2019-07-03T19:06:08+00:00\",\"description\":\"rcg 13-011 r\u00e9frig\u00e9ration commerciale glycol pak chiller pak chambre froide cong\u00e9lateur machine cr\u00e8me glac\u00e9e compresseur boucle ferm\u00e9e slush gelato airdyne\",\"breadcrumb\":{\"@id\":\"https:\/\/frigoman.ca\/frigoman-commercial-refrigeration-services\/#breadcrumb\"},\"inLanguage\":\"fr-CA\",\"potentialAction\":[{\"@type\":\"ReadAction\",\"target\":[\"https:\/\/frigoman.ca\/frigoman-commercial-refrigeration-services\/\"]}]},{\"@type\":\"BreadcrumbList\",\"@id\":\"https:\/\/frigoman.ca\/frigoman-commercial-refrigeration-services\/#breadcrumb\",\"itemListElement\":[{\"@type\":\"ListItem\",\"position\":1,\"name\":\"Home\",\"item\":\"https:\/\/frigoman.ca\/\"},{\"@type\":\"ListItem\",\"position\":2,\"name\":\"Services\"}]},{\"@type\":\"WebSite\",\"@id\":\"https:\/\/frigoman.ca\/#website\",\"url\":\"https:\/\/frigoman.ca\/\",\"name\":\"\",\"description\":\"Les Sp&eacute;cialistes en R&eacute;frig&eacute;ration Commerciale\",\"publisher\":{\"@id\":\"https:\/\/frigoman.ca\/#organization\"},\"potentialAction\":[{\"@type\":\"SearchAction\",\"target\":{\"@type\":\"EntryPoint\",\"urlTemplate\":\"https:\/\/frigoman.ca\/?s={search_term_string}\"},\"query-input\":\"required name=search_term_string\"}],\"inLanguage\":\"fr-CA\"},{\"@type\":\"Organization\",\"@id\":\"https:\/\/frigoman.ca\/#organization\",\"name\":\"FrigoMan inc.\",\"url\":\"https:\/\/frigoman.ca\/\",\"logo\":{\"@type\":\"ImageObject\",\"inLanguage\":\"fr-CA\",\"@id\":\"https:\/\/frigoman.ca\/#\/schema\/logo\/image\/\",\"url\":\"http:\/\/frigoman.ca\/wp-content\/uploads\/2018\/06\/Website-logo-Frigoman.png\",\"contentUrl\":\"http:\/\/frigoman.ca\/wp-content\/uploads\/2018\/06\/Website-logo-Frigoman.png\",\"width\":288,\"height\":99,\"caption\":\"FrigoMan inc.\"},\"image\":{\"@id\":\"https:\/\/frigoman.ca\/#\/schema\/logo\/image\/\"}}]}<\/script>\n<!-- \/ Yoast SEO plugin. -->","yoast_head_json":{"title":"Services -","description":"rcg 13-011 r\u00e9frig\u00e9ration commerciale glycol pak chiller pak chambre froide cong\u00e9lateur machine cr\u00e8me glac\u00e9e compresseur boucle ferm\u00e9e slush gelato airdyne","robots":{"index":"index","follow":"follow","max-snippet":"max-snippet:-1","max-image-preview":"max-image-preview:large","max-video-preview":"max-video-preview:-1"},"canonical":"https:\/\/frigoman.ca\/frigoman-commercial-refrigeration-services\/","og_locale":"fr_CA","og_type":"article","og_title":"Services -","og_description":"rcg 13-011 r\u00e9frig\u00e9ration commerciale glycol pak chiller pak chambre froide cong\u00e9lateur machine cr\u00e8me glac\u00e9e compresseur boucle ferm\u00e9e slush gelato airdyne","og_url":"https:\/\/frigoman.ca\/frigoman-commercial-refrigeration-services\/","article_modified_time":"2019-07-03T19:06:08+00:00","og_image":[{"url":"http:\/\/frigoman.ca\/wp-content\/uploads\/2018\/06\/frozen-food-1336013_1280.jpg"}],"twitter_card":"summary_large_image","twitter_misc":{"Estimation du temps de lecture":"2 minutes"},"schema":{"@context":"https:\/\/schema.org","@graph":[{"@type":"WebPage","@id":"https:\/\/frigoman.ca\/frigoman-commercial-refrigeration-services\/","url":"https:\/\/frigoman.ca\/frigoman-commercial-refrigeration-services\/","name":"Services -","isPartOf":{"@id":"https:\/\/frigoman.ca\/#website"},"datePublished":"2017-07-24T13:02:28+00:00","dateModified":"2019-07-03T19:06:08+00:00","description":"rcg 13-011 r\u00e9frig\u00e9ration commerciale glycol pak chiller pak chambre froide cong\u00e9lateur machine cr\u00e8me glac\u00e9e compresseur boucle ferm\u00e9e slush gelato airdyne","breadcrumb":{"@id":"https:\/\/frigoman.ca\/frigoman-commercial-refrigeration-services\/#breadcrumb"},"inLanguage":"fr-CA","potentialAction":[{"@type":"ReadAction","target":["https:\/\/frigoman.ca\/frigoman-commercial-refrigeration-services\/"]}]},{"@type":"BreadcrumbList","@id":"https:\/\/frigoman.ca\/frigoman-commercial-refrigeration-services\/#breadcrumb","itemListElement":[{"@type":"ListItem","position":1,"name":"Home","item":"https:\/\/frigoman.ca\/"},{"@type":"ListItem","position":2,"name":"Services"}]},{"@type":"WebSite","@id":"https:\/\/frigoman.ca\/#website","url":"https:\/\/frigoman.ca\/","name":"","description":"Les Sp&eacute;cialistes en R&eacute;frig&eacute;ration Commerciale","publisher":{"@id":"https:\/\/frigoman.ca\/#organization"},"potentialAction":[{"@type":"SearchAction","target":{"@type":"EntryPoint","urlTemplate":"https:\/\/frigoman.ca\/?s={search_term_string}"},"query-input":"required name=search_term_string"}],"inLanguage":"fr-CA"},{"@type":"Organization","@id":"https:\/\/frigoman.ca\/#organization","name":"FrigoMan inc.","url":"https:\/\/frigoman.ca\/","logo":{"@type":"ImageObject","inLanguage":"fr-CA","@id":"https:\/\/frigoman.ca\/#\/schema\/logo\/image\/","url":"http:\/\/frigoman.ca\/wp-content\/uploads\/2018\/06\/Website-logo-Frigoman.png","contentUrl":"http:\/\/frigoman.ca\/wp-content\/uploads\/2018\/06\/Website-logo-Frigoman.png","width":288,"height":99,"caption":"FrigoMan inc."},"image":{"@id":"https:\/\/frigoman.ca\/#\/schema\/logo\/image\/"}}]}},"_links":{"self":[{"href":"https:\/\/frigoman.ca\/qc\/wp-json\/wp\/v2\/pages\/158"}],"collection":[{"href":"https:\/\/frigoman.ca\/qc\/wp-json\/wp\/v2\/pages"}],"about":[{"href":"https:\/\/frigoman.ca\/qc\/wp-json\/wp\/v2\/types\/page"}],"author":[{"embeddable":true,"href":"https:\/\/frigoman.ca\/qc\/wp-json\/wp\/v2\/users\/1"}],"replies":[{"embeddable":true,"href":"https:\/\/frigoman.ca\/qc\/wp-json\/wp\/v2\/comments?post=158"}],"version-history":[{"count":15,"href":"https:\/\/frigoman.ca\/qc\/wp-json\/wp\/v2\/pages\/158\/revisions"}],"predecessor-version":[{"id":577,"href":"https:\/\/frigoman.ca\/qc\/wp-json\/wp\/v2\/pages\/158\/revisions\/577"}],"wp:attachment":[{"href":"https:\/\/frigoman.ca\/qc\/wp-json\/wp\/v2\/media?parent=158"}],"curies":[{"name":"wp","href":"https:\/\/api.w.org\/{rel}","templated":true}]}}