{"id":2,"date":"2017-07-24T09:02:28","date_gmt":"2017-07-24T13:02:28","guid":{"rendered":"http:\/\/frigoman.ca\/?page_id=2"},"modified":"2019-07-03T15:02:39","modified_gmt":"2019-07-03T19:02:39","slug":"frigoma-about-us","status":"publish","type":"page","link":"https:\/\/frigoman.ca\/qc\/frigoma-about-us\/","title":{"rendered":"Qui Nous Sommes"},"content":{"rendered":"<h3 style=\"text-align: center;\">Notre Entreprise<\/h3>\n<p>FrigoMan inc. est une entreprise priv\u00e9e sp\u00e9cialis\u00e9 en r\u00e9frig\u00e9ration commerciale bas\u00e9e \u00e0 Montr\u00e9al, Qu\u00e9bec, Canada. Nous offrons une gamme compl\u00e8te de services et sommes le distributeir exclusif au Canada pour <a href=\"http:\/\/www.rmi-airdyne.com\/\">RMI-Airdyne<\/a><span style=\"font-size: 1em;\">\u00a0 un manufacturier am\u00e9ricains de syst\u00e8me de refroidissement en boucle ferm\u00e9e au glycol, de syst\u00e8me de r\u00e9frig\u00e9ration pour PME, de syst\u00e8me \u00e0 graande \u00e9chelle en parall\u00e8le, de panneaux isolant sur mesure et des portes ClarkDoor pour cong\u00e9lateur et chambre froide. Nous avons tout ce qu&rsquo;il faut pour satisfaire tout vos besoins en\u00a0 <\/span><a style=\"background-color: #ffffff; font-size: 1em;\" href=\"http:\/\/frigoman.ca\/products\/\">r\u00e9frigeration commerciale<\/a><span style=\"font-size: 1em;\">.<\/span><\/p>\n<h3 style=\"text-align: center;\">L&rsquo;\u00c9QUIPE<\/h3>\n<p style=\"text-align: center;\">Notre \u00e9quipe est l&rsquo;une des plus exp\u00e9riment\u00e9e en r\u00e9fri\u00e9ration commerciale, nous sommes aussi sp\u00e9cialis\u00e9 en machine \u00e0 cr\u00e8me glac\u00e9e molle, gelato, slush et autres produits de r\u00e9frig\u00e9ration sp\u00e9cialis\u00e9s.<\/p>\n<h3 style=\"text-align: center;\">Andr\u00c9 D&rsquo;Avignon<\/h3>\n<p style=\"text-align: center;\"><em>Pr\u00e9sident &#8211; Directeur G\u00e9n\u00e9ral<\/em><\/p>\n<p style=\"text-align: center;\">Andr\u00e9 est un cadre sup\u00e9rieur et gestionnaire chevronn\u00e9 qui a d\u00e9but\u00e9 sa carri\u00e8re au sein du groupe BCE o\u00f9 il a gravi progressivement les \u00e9chelons durant sa carri\u00e8re de plus de 13 ans avant de se tourner vers l&rsquo;indutrie des jeux vid\u00e9o. Durant les quinze prochaines ann\u00e9es il aidera \u00e0 b\u00e2tir la plus grande entreprise de test de jeux video au Canada et une plate-forme Internet financ\u00e9 par le FMC avant de se joindre \u00e0 M. Daneau, un ami de longue date, pour cr\u00e9er FrigoMan inc.<\/p>\n<h3 style=\"text-align: center;\">G\u00c9rald Daneau<\/h3>\n<p style=\"text-align: center;\"><i>Directeur des Services Technique<\/i><\/p>\n<p style=\"text-align: center;\">G\u00e9rald est un professionel certifi\u00e9 en r\u00e9frig\u00e9ration commerciale qui a aussi obtenu un DEC en \u00e9lectronique. Il a plus de 30 ans d&rsquo;exp\u00e9rience technique en r\u00e9frig\u00e9ration commerciale ayant d\u00e9but\u00e9 sa carri\u00e8re chez Quatre-Saisons, distributeur des produits Stoelting et Carpigianni avant de se joindre au Groupe Protec comme g\u00e9rant du service. Il a ensuite quitt\u00e9 le Groupe Protec pour poursuivre sa carri\u00e8re \u00e0 titre d&rsquo;expert en r\u00e9frig\u00e9ration commerciale ind\u00e9pendant avant de cr\u00e9er FrigoMan inc. avec M. D&rsquo;Avignon. M. Daneau d\u00e9tient aussi des certifications de Stoelting, Carpigiani, Electro Freeze, Duke, Taylor, Sani-Serve et Gelmatic.<\/p>\n<h3 style=\"text-align: center;\">Howard Holcomb<\/h3>\n<p style=\"text-align: center;\"><i>Panneaux Isolants &#8211; Partenaire<\/i><\/p>\n<p style=\"text-align: center;\">M. Holcomb est sans doute le doyen de tout l&rsquo;industrie. Il a travaill\u00e9 sur tout les types de projets possible durant sa carri\u00e8re qui atteint plus de sept d\u00e9cennies en date d&rsquo;aujourd&rsquo;hui. Howard est un expert dans la planification et la construction d&rsquo;entreposage r\u00e9frig\u00e9r\u00e9 et d&rsquo;installation manufacturi\u00e8re qui requiert panneaux isolant, portes et \u00e9quipements sp\u00e9cialis\u00e9s. Il repr\u00e9sente Kingspan et Coldmatic \u00e0 l&rsquo;\u00e9chelle de la province de Qu\u00e9bec.<\/p>\n<h3 style=\"text-align: center;\">M\u00c9lissa Royer<\/h3>\n<p style=\"text-align: center;\"><i>Support Administratif<\/i><\/p>\n<p style=\"text-align: center;\">M\u00e9lissa supporte l&rsquo;administration, les ventes et le service \u00e0 la client\u00e8le pour l&rsquo;entreprise. Toujours souriante et facile d&rsquo;approche, elle aime aller au del\u00e0 des attentes des clients.<\/p>\n","protected":false},"excerpt":{"rendered":"<p>Notre Entreprise FrigoMan inc. est une entreprise priv\u00e9e sp\u00e9cialis\u00e9 en r\u00e9frig\u00e9ration commerciale bas\u00e9e \u00e0 Montr\u00e9al, Qu\u00e9bec, Canada. Nous offrons une&hellip;<\/p>\n","protected":false},"author":1,"featured_media":0,"parent":0,"menu_order":0,"comment_status":"closed","ping_status":"closed","template":"","meta":[],"translation":{"provider":"WPGlobus","version":"2.12.2","language":"qc","enabled_languages":["ca","qc"],"languages":{"ca":{"title":true,"content":true,"excerpt":false},"qc":{"title":true,"content":true,"excerpt":false}}},"yoast_head":"<!-- This site is optimized with the Yoast SEO plugin v20.13 - https:\/\/yoast.com\/wordpress\/plugins\/seo\/ -->\n<title>Qui Nous Sommes -<\/title>\n<meta name=\"description\" content=\"rcg 13-011 r\u00e9frig\u00e9ration commerciale glycol pak chiller pak chambre froide cong\u00e9lateur machine cr\u00e8me glac\u00e9e compresseur boucle ferm\u00e9e slush gelato airdyne\" \/>\n<meta name=\"robots\" content=\"index, follow, max-snippet:-1, max-image-preview:large, max-video-preview:-1\" \/>\n<link rel=\"canonical\" href=\"https:\/\/frigoman.ca\/frigoma-about-us\/\" \/>\n<meta property=\"og:locale\" content=\"fr_CA\" \/>\n<meta property=\"og:type\" content=\"article\" \/>\n<meta property=\"og:title\" content=\"Qui Nous Sommes -\" \/>\n<meta property=\"og:description\" content=\"rcg 13-011 r\u00e9frig\u00e9ration commerciale glycol pak chiller pak chambre froide cong\u00e9lateur machine cr\u00e8me glac\u00e9e compresseur boucle ferm\u00e9e slush gelato airdyne\" \/>\n<meta property=\"og:url\" content=\"https:\/\/frigoman.ca\/frigoma-about-us\/\" \/>\n<meta property=\"article:modified_time\" content=\"2019-07-03T19:02:39+00:00\" \/>\n<meta name=\"twitter:card\" content=\"summary_large_image\" \/>\n<meta name=\"twitter:label1\" content=\"Estimation du temps de lecture\" \/>\n\t<meta name=\"twitter:data1\" content=\"4 minutes\" \/>\n<script type=\"application\/ld+json\" class=\"yoast-schema-graph\">{\"@context\":\"https:\/\/schema.org\",\"@graph\":[{\"@type\":\"WebPage\",\"@id\":\"https:\/\/frigoman.ca\/frigoma-about-us\/\",\"url\":\"https:\/\/frigoman.ca\/frigoma-about-us\/\",\"name\":\"Qui Nous Sommes -\",\"isPartOf\":{\"@id\":\"https:\/\/frigoman.ca\/#website\"},\"datePublished\":\"2017-07-24T13:02:28+00:00\",\"dateModified\":\"2019-07-03T19:02:39+00:00\",\"description\":\"rcg 13-011 r\u00e9frig\u00e9ration commerciale glycol pak chiller pak chambre froide cong\u00e9lateur machine cr\u00e8me glac\u00e9e compresseur boucle ferm\u00e9e slush gelato airdyne\",\"breadcrumb\":{\"@id\":\"https:\/\/frigoman.ca\/frigoma-about-us\/#breadcrumb\"},\"inLanguage\":\"fr-CA\",\"potentialAction\":[{\"@type\":\"ReadAction\",\"target\":[\"https:\/\/frigoman.ca\/frigoma-about-us\/\"]}]},{\"@type\":\"BreadcrumbList\",\"@id\":\"https:\/\/frigoman.ca\/frigoma-about-us\/#breadcrumb\",\"itemListElement\":[{\"@type\":\"ListItem\",\"position\":1,\"name\":\"Home\",\"item\":\"https:\/\/frigoman.ca\/\"},{\"@type\":\"ListItem\",\"position\":2,\"name\":\"About Us\"}]},{\"@type\":\"WebSite\",\"@id\":\"https:\/\/frigoman.ca\/#website\",\"url\":\"https:\/\/frigoman.ca\/\",\"name\":\"\",\"description\":\"Les Sp&eacute;cialistes en R&eacute;frig&eacute;ration Commerciale\",\"publisher\":{\"@id\":\"https:\/\/frigoman.ca\/#organization\"},\"potentialAction\":[{\"@type\":\"SearchAction\",\"target\":{\"@type\":\"EntryPoint\",\"urlTemplate\":\"https:\/\/frigoman.ca\/?s={search_term_string}\"},\"query-input\":\"required name=search_term_string\"}],\"inLanguage\":\"fr-CA\"},{\"@type\":\"Organization\",\"@id\":\"https:\/\/frigoman.ca\/#organization\",\"name\":\"FrigoMan inc.\",\"url\":\"https:\/\/frigoman.ca\/\",\"logo\":{\"@type\":\"ImageObject\",\"inLanguage\":\"fr-CA\",\"@id\":\"https:\/\/frigoman.ca\/#\/schema\/logo\/image\/\",\"url\":\"http:\/\/frigoman.ca\/wp-content\/uploads\/2018\/06\/Website-logo-Frigoman.png\",\"contentUrl\":\"http:\/\/frigoman.ca\/wp-content\/uploads\/2018\/06\/Website-logo-Frigoman.png\",\"width\":288,\"height\":99,\"caption\":\"FrigoMan inc.\"},\"image\":{\"@id\":\"https:\/\/frigoman.ca\/#\/schema\/logo\/image\/\"}}]}<\/script>\n<!-- \/ Yoast SEO plugin. -->","yoast_head_json":{"title":"Qui Nous Sommes -","description":"rcg 13-011 r\u00e9frig\u00e9ration commerciale glycol pak chiller pak chambre froide cong\u00e9lateur machine cr\u00e8me glac\u00e9e compresseur boucle ferm\u00e9e slush gelato airdyne","robots":{"index":"index","follow":"follow","max-snippet":"max-snippet:-1","max-image-preview":"max-image-preview:large","max-video-preview":"max-video-preview:-1"},"canonical":"https:\/\/frigoman.ca\/frigoma-about-us\/","og_locale":"fr_CA","og_type":"article","og_title":"Qui Nous Sommes -","og_description":"rcg 13-011 r\u00e9frig\u00e9ration commerciale glycol pak chiller pak chambre froide cong\u00e9lateur machine cr\u00e8me glac\u00e9e compresseur boucle ferm\u00e9e slush gelato airdyne","og_url":"https:\/\/frigoman.ca\/frigoma-about-us\/","article_modified_time":"2019-07-03T19:02:39+00:00","twitter_card":"summary_large_image","twitter_misc":{"Estimation du temps de lecture":"4 minutes"},"schema":{"@context":"https:\/\/schema.org","@graph":[{"@type":"WebPage","@id":"https:\/\/frigoman.ca\/frigoma-about-us\/","url":"https:\/\/frigoman.ca\/frigoma-about-us\/","name":"Qui Nous Sommes -","isPartOf":{"@id":"https:\/\/frigoman.ca\/#website"},"datePublished":"2017-07-24T13:02:28+00:00","dateModified":"2019-07-03T19:02:39+00:00","description":"rcg 13-011 r\u00e9frig\u00e9ration commerciale glycol pak chiller pak chambre froide cong\u00e9lateur machine cr\u00e8me glac\u00e9e compresseur boucle ferm\u00e9e slush gelato airdyne","breadcrumb":{"@id":"https:\/\/frigoman.ca\/frigoma-about-us\/#breadcrumb"},"inLanguage":"fr-CA","potentialAction":[{"@type":"ReadAction","target":["https:\/\/frigoman.ca\/frigoma-about-us\/"]}]},{"@type":"BreadcrumbList","@id":"https:\/\/frigoman.ca\/frigoma-about-us\/#breadcrumb","itemListElement":[{"@type":"ListItem","position":1,"name":"Home","item":"https:\/\/frigoman.ca\/"},{"@type":"ListItem","position":2,"name":"About Us"}]},{"@type":"WebSite","@id":"https:\/\/frigoman.ca\/#website","url":"https:\/\/frigoman.ca\/","name":"","description":"Les Sp&eacute;cialistes en R&eacute;frig&eacute;ration Commerciale","publisher":{"@id":"https:\/\/frigoman.ca\/#organization"},"potentialAction":[{"@type":"SearchAction","target":{"@type":"EntryPoint","urlTemplate":"https:\/\/frigoman.ca\/?s={search_term_string}"},"query-input":"required name=search_term_string"}],"inLanguage":"fr-CA"},{"@type":"Organization","@id":"https:\/\/frigoman.ca\/#organization","name":"FrigoMan inc.","url":"https:\/\/frigoman.ca\/","logo":{"@type":"ImageObject","inLanguage":"fr-CA","@id":"https:\/\/frigoman.ca\/#\/schema\/logo\/image\/","url":"http:\/\/frigoman.ca\/wp-content\/uploads\/2018\/06\/Website-logo-Frigoman.png","contentUrl":"http:\/\/frigoman.ca\/wp-content\/uploads\/2018\/06\/Website-logo-Frigoman.png","width":288,"height":99,"caption":"FrigoMan inc."},"image":{"@id":"https:\/\/frigoman.ca\/#\/schema\/logo\/image\/"}}]}},"_links":{"self":[{"href":"https:\/\/frigoman.ca\/qc\/wp-json\/wp\/v2\/pages\/2"}],"collection":[{"href":"https:\/\/frigoman.ca\/qc\/wp-json\/wp\/v2\/pages"}],"about":[{"href":"https:\/\/frigoman.ca\/qc\/wp-json\/wp\/v2\/types\/page"}],"author":[{"embeddable":true,"href":"https:\/\/frigoman.ca\/qc\/wp-json\/wp\/v2\/users\/1"}],"replies":[{"embeddable":true,"href":"https:\/\/frigoman.ca\/qc\/wp-json\/wp\/v2\/comments?post=2"}],"version-history":[{"count":24,"href":"https:\/\/frigoman.ca\/qc\/wp-json\/wp\/v2\/pages\/2\/revisions"}],"predecessor-version":[{"id":575,"href":"https:\/\/frigoman.ca\/qc\/wp-json\/wp\/v2\/pages\/2\/revisions\/575"}],"wp:attachment":[{"href":"https:\/\/frigoman.ca\/qc\/wp-json\/wp\/v2\/media?parent=2"}],"curies":[{"name":"wp","href":"https:\/\/api.w.org\/{rel}","templated":true}]}}