{"id":235,"date":"2017-07-24T09:02:28","date_gmt":"2017-07-24T13:02:28","guid":{"rendered":"http:\/\/frigoman.ca\/?page_id=235"},"modified":"2020-02-06T16:12:00","modified_gmt":"2020-02-06T21:12:00","slug":"industrial-process-glycol-chillers","status":"publish","type":"page","link":"https:\/\/frigoman.ca\/qc\/industrial-process-glycol-chillers\/","title":{"rendered":"Chiller pour Proc\u00e9d\u00e9s Industriels"},"content":{"rendered":"\r\n<p>RMI-Airdyne fabrique des chiller pour proc\u00e9d\u00e9s industriels qui sont distribu\u00e9s au Canada par FrigoMan inc. Ces chillers de haute qualit\u00e9 sont con\u00e7us sp\u00e9cifiquement pour l&rsquo;application de votre proc\u00e9d\u00e9 industriel et sont disponibles en plusieurs vari\u00e9t\u00e9s de puissance et configurations pour subvenir \u00e0 vos besoins.\u00a0<\/p>\r\n\r\n\r\n\r\n<p>Nous offrons des chillers au glycol refroidi \u00e0 l&rsquo;air et aussi des chillers avec des condenseurs de r\u00e9frig\u00e9ration pour rapidement refroidir le glycol et vos fluides de proc\u00e9d\u00e9s pour assurer une efficacit\u00e9 maximun de votre production.\u00a0<\/p>\r\n<p><a href=\"http:\/\/frigoman.ca\/wp-content\/uploads\/2019\/06\/beer-218148_640.jpg\"><img decoding=\"async\" loading=\"lazy\" class=\"alignnone wp-image-532\" src=\"http:\/\/frigoman.ca\/wp-content\/uploads\/2019\/06\/beer-218148_640.jpg\" alt=\"\" width=\"350\" height=\"233\" srcset=\"https:\/\/frigoman.ca\/wp-content\/uploads\/2019\/06\/beer-218148_640.jpg 640w, https:\/\/frigoman.ca\/wp-content\/uploads\/2019\/06\/beer-218148_640-300x200.jpg 300w\" sizes=\"(max-width: 350px) 100vw, 350px\" \/><\/a><a href=\"http:\/\/frigoman.ca\/wp-content\/uploads\/2019\/06\/beer-218148_640.jpg\"> \u00a0<\/a><a href=\"http:\/\/frigoman.ca\/wp-content\/uploads\/2019\/06\/machine-2043876_640.jpg\"><img decoding=\"async\" loading=\"lazy\" class=\"alignnone wp-image-534\" src=\"http:\/\/frigoman.ca\/wp-content\/uploads\/2019\/06\/machine-2043876_640.jpg\" alt=\"\" width=\"350\" height=\"232\" srcset=\"https:\/\/frigoman.ca\/wp-content\/uploads\/2019\/06\/machine-2043876_640.jpg 640w, https:\/\/frigoman.ca\/wp-content\/uploads\/2019\/06\/machine-2043876_640-300x199.jpg 300w\" sizes=\"(max-width: 350px) 100vw, 350px\" \/><\/a> <a href=\"http:\/\/frigoman.ca\/wp-content\/uploads\/2019\/06\/cheese-3569958_640.jpg\"><img decoding=\"async\" loading=\"lazy\" class=\"alignnone wp-image-533\" src=\"http:\/\/frigoman.ca\/wp-content\/uploads\/2019\/06\/cheese-3569958_640.jpg\" alt=\"\" width=\"350\" height=\"234\" srcset=\"https:\/\/frigoman.ca\/wp-content\/uploads\/2019\/06\/cheese-3569958_640.jpg 640w, https:\/\/frigoman.ca\/wp-content\/uploads\/2019\/06\/cheese-3569958_640-300x200.jpg 300w\" sizes=\"(max-width: 350px) 100vw, 350px\" \/><\/a><\/p>\r\n\r\n\r\n\r\n<h3>Applications IndustriElles<\/h3>\r\n<ul>\r\n<li><strong>Machine Outil <\/strong>\u00a0\u2013 Augmentez la dur\u00e9e de vie de vos machines outils et am\u00e9liorez la qualit\u00e9 des coupes et de l&rsquo;usinage avec un refroidissement efficace de nos chiller industriel.\u00a0<\/li>\r\n<li><strong>Plastiques:<\/strong>\u00a0<strong>Injection, Extrusion et Soufflage<\/strong> \u2013 Un syst\u00e8me de refroidissement bien con\u00e7u est critique pour la qualit\u00e9 et la constance dans la fabrication du plastique et les proc\u00e9d\u00e9s qui l&rsquo;utilise.\u00a0<\/li>\r\n<li><strong>Laser<\/strong> \u2013 La pr\u00e9cision des coupes et des soudures au laser requiert des contr\u00f4les de temp\u00e9ratures serr\u00e9s et la suppression de l&rsquo;exc\u00e9dent de chaleur pour un processus efficace.\u00a0<\/li>\r\n<li><strong>Jet d&rsquo;Eau<\/strong> \u2013 Un syst\u00e8me de refroidissement constant est de mise pour garder vos \u00e9quipements de coupe \u00e0 jet d&rsquo;eau \u00e0 une temp\u00e9rature d&rsquo;op\u00e9ration efficiente.\u00a0<\/li>\r\n<li><strong>Cuve de Placage et d&rsquo;Anodisation \/ Refroidissement du Redresseur<\/strong> \u2013 Votre processus est con\u00e7u avec une marge de temp\u00e9rature d&rsquo;op\u00e9ration tr\u00e8s peu variable, un refroidissement pr\u00e9cis et constant est d\u00e9sirable pour \u00e9viter des conditions de sur-chauffage qui pourraient endommager votre \u00e9quipement et affecter la qualit\u00e9 de votre placage et anodisation.\u00a0<\/li>\r\n<li><strong>Refroidissement de Processus Alimentaire<\/strong>\u2013 Il est imp\u00e9ratif dans les processus de production de nourriture humaine que les produits soient libre de bact\u00e9ries et autres contaminants. Une des meilleures fa\u00e7ons de pr\u00e9venir une telle contamination est de garder la nourriture \u00e0 basse temp\u00e9rature avec un syst\u00e8me de refroidissement performant.\u00a0<\/li>\r\n<\/ul>\r\n","protected":false},"excerpt":{"rendered":"<p>RMI-Airdyne fabrique des chiller pour proc\u00e9d\u00e9s industriels qui sont distribu\u00e9s au Canada par FrigoMan inc. Ces chillers de haute qualit\u00e9&hellip;<\/p>\n","protected":false},"author":1,"featured_media":0,"parent":0,"menu_order":0,"comment_status":"closed","ping_status":"closed","template":"","meta":[],"translation":{"provider":"WPGlobus","version":"2.12.2","language":"qc","enabled_languages":["ca","qc"],"languages":{"ca":{"title":true,"content":true,"excerpt":false},"qc":{"title":true,"content":true,"excerpt":false}}},"yoast_head":"<!-- This site is optimized with the Yoast SEO plugin v20.13 - https:\/\/yoast.com\/wordpress\/plugins\/seo\/ -->\n<title>Refroidisseur commercial | Chambre froide &amp; cong\u00e9lateur industriel | Frigoman<\/title>\n<meta name=\"robots\" content=\"index, follow, max-snippet:-1, max-image-preview:large, max-video-preview:-1\" \/>\n<link rel=\"canonical\" href=\"https:\/\/frigoman.ca\/qc\/industrial-process-glycol-chillers\/\" \/>\n<meta property=\"og:locale\" content=\"fr_CA\" \/>\n<meta property=\"og:type\" content=\"article\" \/>\n<meta property=\"og:title\" content=\"Refroidisseur commercial | Chambre froide &amp; cong\u00e9lateur industriel | Frigoman\" \/>\n<meta property=\"og:url\" content=\"https:\/\/frigoman.ca\/qc\/industrial-process-glycol-chillers\/\" \/>\n<meta property=\"article:modified_time\" content=\"2020-02-06T21:12:00+00:00\" \/>\n<meta property=\"og:image\" content=\"http:\/\/frigoman.ca\/wp-content\/uploads\/2019\/06\/beer-218148_640.jpg\" \/>\n<meta name=\"twitter:card\" content=\"summary_large_image\" \/>\n<meta name=\"twitter:label1\" content=\"Estimation du temps de lecture\" \/>\n\t<meta name=\"twitter:data1\" content=\"3 minutes\" \/>\n<script type=\"application\/ld+json\" class=\"yoast-schema-graph\">{\"@context\":\"https:\/\/schema.org\",\"@graph\":[{\"@type\":\"WebPage\",\"@id\":\"https:\/\/frigoman.ca\/qc\/industrial-process-glycol-chillers\/\",\"url\":\"https:\/\/frigoman.ca\/qc\/industrial-process-glycol-chillers\/\",\"name\":\"Chiller pour Proc\u00e9d\u00e9s Industriels -\",\"isPartOf\":{\"@id\":\"https:\/\/frigoman.ca\/#website\"},\"datePublished\":\"2017-07-24T13:02:28+00:00\",\"dateModified\":\"2020-02-06T21:12:00+00:00\",\"description\":\"FrigoMan INC. est l\u2019un des leaders dans l\u2019\u00e9quipement de r\u00e9frig\u00e9ration : refroidisseur commercial, chambre froide et cong\u00e9lateur industriel \u00e0 Montr\u00e9al.\",\"breadcrumb\":{\"@id\":\"https:\/\/frigoman.ca\/qc\/industrial-process-glycol-chillers\/#breadcrumb\"},\"inLanguage\":\"fr-CA\",\"potentialAction\":[{\"@type\":\"ReadAction\",\"target\":[\"https:\/\/frigoman.ca\/qc\/industrial-process-glycol-chillers\/\"]}]},{\"@type\":\"BreadcrumbList\",\"@id\":\"https:\/\/frigoman.ca\/qc\/industrial-process-glycol-chillers\/#breadcrumb\",\"itemListElement\":[{\"@type\":\"ListItem\",\"position\":1,\"name\":\"Home\",\"item\":\"https:\/\/frigoman.ca\/\"},{\"@type\":\"ListItem\",\"position\":2,\"name\":\"Chiller pour Proc\u00e9d\u00e9s Industriels\"}]},{\"@type\":\"WebSite\",\"@id\":\"https:\/\/frigoman.ca\/#website\",\"url\":\"https:\/\/frigoman.ca\/\",\"name\":\"\",\"description\":\"Les Sp&eacute;cialistes en R&eacute;frig&eacute;ration Commerciale\",\"publisher\":{\"@id\":\"https:\/\/frigoman.ca\/#organization\"},\"potentialAction\":[{\"@type\":\"SearchAction\",\"target\":{\"@type\":\"EntryPoint\",\"urlTemplate\":\"https:\/\/frigoman.ca\/?s={search_term_string}\"},\"query-input\":\"required name=search_term_string\"}],\"inLanguage\":\"fr-CA\"},{\"@type\":\"Organization\",\"@id\":\"https:\/\/frigoman.ca\/#organization\",\"name\":\"FrigoMan inc.\",\"url\":\"https:\/\/frigoman.ca\/\",\"logo\":{\"@type\":\"ImageObject\",\"inLanguage\":\"fr-CA\",\"@id\":\"https:\/\/frigoman.ca\/#\/schema\/logo\/image\/\",\"url\":\"http:\/\/frigoman.ca\/wp-content\/uploads\/2018\/06\/Website-logo-Frigoman.png\",\"contentUrl\":\"http:\/\/frigoman.ca\/wp-content\/uploads\/2018\/06\/Website-logo-Frigoman.png\",\"width\":288,\"height\":99,\"caption\":\"FrigoMan inc.\"},\"image\":{\"@id\":\"https:\/\/frigoman.ca\/#\/schema\/logo\/image\/\"}}]}<\/script>\n<!-- \/ Yoast SEO plugin. -->","yoast_head_json":{"title":"Refroidisseur commercial | Chambre froide & cong\u00e9lateur industriel | Frigoman","robots":{"index":"index","follow":"follow","max-snippet":"max-snippet:-1","max-image-preview":"max-image-preview:large","max-video-preview":"max-video-preview:-1"},"canonical":"https:\/\/frigoman.ca\/qc\/industrial-process-glycol-chillers\/","og_locale":"fr_CA","og_type":"article","og_title":"Refroidisseur commercial | Chambre froide & cong\u00e9lateur industriel | Frigoman","og_url":"https:\/\/frigoman.ca\/qc\/industrial-process-glycol-chillers\/","article_modified_time":"2020-02-06T21:12:00+00:00","og_image":[{"url":"http:\/\/frigoman.ca\/wp-content\/uploads\/2019\/06\/beer-218148_640.jpg"}],"twitter_card":"summary_large_image","twitter_misc":{"Estimation du temps de lecture":"3 minutes"},"schema":{"@context":"https:\/\/schema.org","@graph":[{"@type":"WebPage","@id":"https:\/\/frigoman.ca\/qc\/industrial-process-glycol-chillers\/","url":"https:\/\/frigoman.ca\/qc\/industrial-process-glycol-chillers\/","name":"Chiller pour Proc\u00e9d\u00e9s Industriels -","isPartOf":{"@id":"https:\/\/frigoman.ca\/#website"},"datePublished":"2017-07-24T13:02:28+00:00","dateModified":"2020-02-06T21:12:00+00:00","description":"FrigoMan INC. est l\u2019un des leaders dans l\u2019\u00e9quipement de r\u00e9frig\u00e9ration : refroidisseur commercial, chambre froide et cong\u00e9lateur industriel \u00e0 Montr\u00e9al.","breadcrumb":{"@id":"https:\/\/frigoman.ca\/qc\/industrial-process-glycol-chillers\/#breadcrumb"},"inLanguage":"fr-CA","potentialAction":[{"@type":"ReadAction","target":["https:\/\/frigoman.ca\/qc\/industrial-process-glycol-chillers\/"]}]},{"@type":"BreadcrumbList","@id":"https:\/\/frigoman.ca\/qc\/industrial-process-glycol-chillers\/#breadcrumb","itemListElement":[{"@type":"ListItem","position":1,"name":"Home","item":"https:\/\/frigoman.ca\/"},{"@type":"ListItem","position":2,"name":"Chiller pour Proc\u00e9d\u00e9s Industriels"}]},{"@type":"WebSite","@id":"https:\/\/frigoman.ca\/#website","url":"https:\/\/frigoman.ca\/","name":"","description":"Les Sp&eacute;cialistes en R&eacute;frig&eacute;ration Commerciale","publisher":{"@id":"https:\/\/frigoman.ca\/#organization"},"potentialAction":[{"@type":"SearchAction","target":{"@type":"EntryPoint","urlTemplate":"https:\/\/frigoman.ca\/?s={search_term_string}"},"query-input":"required name=search_term_string"}],"inLanguage":"fr-CA"},{"@type":"Organization","@id":"https:\/\/frigoman.ca\/#organization","name":"FrigoMan inc.","url":"https:\/\/frigoman.ca\/","logo":{"@type":"ImageObject","inLanguage":"fr-CA","@id":"https:\/\/frigoman.ca\/#\/schema\/logo\/image\/","url":"http:\/\/frigoman.ca\/wp-content\/uploads\/2018\/06\/Website-logo-Frigoman.png","contentUrl":"http:\/\/frigoman.ca\/wp-content\/uploads\/2018\/06\/Website-logo-Frigoman.png","width":288,"height":99,"caption":"FrigoMan inc."},"image":{"@id":"https:\/\/frigoman.ca\/#\/schema\/logo\/image\/"}}]}},"_links":{"self":[{"href":"https:\/\/frigoman.ca\/qc\/wp-json\/wp\/v2\/pages\/235"}],"collection":[{"href":"https:\/\/frigoman.ca\/qc\/wp-json\/wp\/v2\/pages"}],"about":[{"href":"https:\/\/frigoman.ca\/qc\/wp-json\/wp\/v2\/types\/page"}],"author":[{"embeddable":true,"href":"https:\/\/frigoman.ca\/qc\/wp-json\/wp\/v2\/users\/1"}],"replies":[{"embeddable":true,"href":"https:\/\/frigoman.ca\/qc\/wp-json\/wp\/v2\/comments?post=235"}],"version-history":[{"count":33,"href":"https:\/\/frigoman.ca\/qc\/wp-json\/wp\/v2\/pages\/235\/revisions"}],"predecessor-version":[{"id":586,"href":"https:\/\/frigoman.ca\/qc\/wp-json\/wp\/v2\/pages\/235\/revisions\/586"}],"wp:attachment":[{"href":"https:\/\/frigoman.ca\/qc\/wp-json\/wp\/v2\/media?parent=235"}],"curies":[{"name":"wp","href":"https:\/\/api.w.org\/{rel}","templated":true}]}}