{"id":358,"date":"2017-08-19T21:15:04","date_gmt":"2017-08-20T01:15:04","guid":{"rendered":"http:\/\/frigoman.ca\/?page_id=358"},"modified":"2019-07-03T15:05:44","modified_gmt":"2019-07-03T19:05:44","slug":"frigoman-commercial-refrigeration-products","status":"publish","type":"page","link":"https:\/\/frigoman.ca\/qc\/frigoman-commercial-refrigeration-products\/","title":{"rendered":"Produits"},"content":{"rendered":"<h3>NOUS OFFRONS UNE GAMME COMPL\u00c8TE DE PRODUITS DE R\u00c9FRIG\u00c9RATION COMMERCIALE<\/h3>\n<p>FrigoMan inc. est le distributeur autoris\u00e9 des produits de r\u00e9frig\u00e9ration commerciale RMI-Airdyne incluant:<\/p>\n<ul>\n<li>Les syst\u00e8mes de refroidissement au glycol en boucle ferm\u00e9e Glycol-Pak and Chiller-Pak pour \u00e9quipement et instrument de r\u00e9frig\u00e9ration commerciale refroidi \u00e0 l&rsquo;eau<\/li>\n<li>Portes de chambre froide et chambre cong\u00e9lateur de marque ClarkDoor<\/li>\n<li>Syst\u00e8me de r\u00e9frig\u00e9ration commerciale int\u00e9rieur et ext\u00e9rieur Weather-Pak<\/li>\n<li>Chambre froide et chambre cong\u00e9lateur sur mesure EconoCold<\/li>\n<li>Syst\u00e8me de r\u00e9frig\u00e9ration ext\u00e9rieur Weather-Pak<\/li>\n<li>Syst\u00e8me de compresseur Parallel-Pak<\/li>\n<\/ul>\n<p><a href=\"http:\/\/frigoman.ca\/wp-content\/uploads\/2018\/06\/Airdyne-Logo-FR.jpg\"><img decoding=\"async\" loading=\"lazy\" class=\"alignnone wp-image-481\" src=\"http:\/\/frigoman.ca\/wp-content\/uploads\/2018\/06\/Airdyne-Logo-FR.jpg\" alt=\"\" width=\"653\" height=\"203\" srcset=\"https:\/\/frigoman.ca\/wp-content\/uploads\/2018\/06\/Airdyne-Logo-FR.jpg 1602w, https:\/\/frigoman.ca\/wp-content\/uploads\/2018\/06\/Airdyne-Logo-FR-300x93.jpg 300w, https:\/\/frigoman.ca\/wp-content\/uploads\/2018\/06\/Airdyne-Logo-FR-768x238.jpg 768w, https:\/\/frigoman.ca\/wp-content\/uploads\/2018\/06\/Airdyne-Logo-FR-1024x318.jpg 1024w, https:\/\/frigoman.ca\/wp-content\/uploads\/2018\/06\/Airdyne-Logo-FR-1600x496.jpg 1600w\" sizes=\"(max-width: 653px) 100vw, 653px\" \/><\/a><\/p>\n","protected":false},"excerpt":{"rendered":"<p>NOUS OFFRONS UNE GAMME COMPL\u00c8TE DE PRODUITS DE R\u00c9FRIG\u00c9RATION COMMERCIALE FrigoMan inc. est le distributeur autoris\u00e9 des produits de r\u00e9frig\u00e9ration&hellip;<\/p>\n","protected":false},"author":1,"featured_media":0,"parent":0,"menu_order":0,"comment_status":"closed","ping_status":"closed","template":"","meta":[],"translation":{"provider":"WPGlobus","version":"2.12.2","language":"qc","enabled_languages":["ca","qc"],"languages":{"ca":{"title":true,"content":true,"excerpt":false},"qc":{"title":true,"content":true,"excerpt":false}}},"yoast_head":"<!-- This site is optimized with the Yoast SEO plugin v20.13 - https:\/\/yoast.com\/wordpress\/plugins\/seo\/ -->\n<title>Produits -<\/title>\n<meta name=\"description\" content=\"rcg 13-011 r\u00e9frig\u00e9ration commerciale glycol pak chiller pak chambre froide cong\u00e9lateur machine cr\u00e8me glac\u00e9e compresseur boucle ferm\u00e9e slush gelato airdyne\" \/>\n<meta name=\"robots\" content=\"index, follow, max-snippet:-1, max-image-preview:large, max-video-preview:-1\" \/>\n<link rel=\"canonical\" href=\"https:\/\/frigoman.ca\/qc\/frigoman-commercial-refrigeration-products\/\" \/>\n<meta property=\"og:locale\" content=\"fr_CA\" \/>\n<meta property=\"og:type\" content=\"article\" \/>\n<meta property=\"og:title\" content=\"Produits -\" \/>\n<meta property=\"og:description\" content=\"rcg 13-011 r\u00e9frig\u00e9ration commerciale glycol pak chiller pak chambre froide cong\u00e9lateur machine cr\u00e8me glac\u00e9e compresseur boucle ferm\u00e9e slush gelato airdyne\" \/>\n<meta property=\"og:url\" content=\"https:\/\/frigoman.ca\/qc\/frigoman-commercial-refrigeration-products\/\" \/>\n<meta property=\"article:modified_time\" content=\"2019-07-03T19:05:44+00:00\" \/>\n<meta property=\"og:image\" content=\"http:\/\/frigoman.ca\/wp-content\/uploads\/2018\/06\/Airdyne-Logo-ENG.jpg\" \/>\n<meta name=\"twitter:card\" content=\"summary_large_image\" \/>\n<meta name=\"twitter:label1\" content=\"Estimation du temps de lecture\" \/>\n\t<meta name=\"twitter:data1\" content=\"1 minute\" \/>\n<script type=\"application\/ld+json\" class=\"yoast-schema-graph\">{\"@context\":\"https:\/\/schema.org\",\"@graph\":[{\"@type\":\"WebPage\",\"@id\":\"https:\/\/frigoman.ca\/qc\/frigoman-commercial-refrigeration-products\/\",\"url\":\"https:\/\/frigoman.ca\/qc\/frigoman-commercial-refrigeration-products\/\",\"name\":\"Produits -\",\"isPartOf\":{\"@id\":\"https:\/\/frigoman.ca\/#website\"},\"datePublished\":\"2017-08-20T01:15:04+00:00\",\"dateModified\":\"2019-07-03T19:05:44+00:00\",\"description\":\"rcg 13-011 r\u00e9frig\u00e9ration commerciale glycol pak chiller pak chambre froide cong\u00e9lateur machine cr\u00e8me glac\u00e9e compresseur boucle ferm\u00e9e slush gelato airdyne\",\"breadcrumb\":{\"@id\":\"https:\/\/frigoman.ca\/qc\/frigoman-commercial-refrigeration-products\/#breadcrumb\"},\"inLanguage\":\"fr-CA\",\"potentialAction\":[{\"@type\":\"ReadAction\",\"target\":[\"https:\/\/frigoman.ca\/qc\/frigoman-commercial-refrigeration-products\/\"]}]},{\"@type\":\"BreadcrumbList\",\"@id\":\"https:\/\/frigoman.ca\/qc\/frigoman-commercial-refrigeration-products\/#breadcrumb\",\"itemListElement\":[{\"@type\":\"ListItem\",\"position\":1,\"name\":\"Home\",\"item\":\"https:\/\/frigoman.ca\/\"},{\"@type\":\"ListItem\",\"position\":2,\"name\":\"Produits\"}]},{\"@type\":\"WebSite\",\"@id\":\"https:\/\/frigoman.ca\/#website\",\"url\":\"https:\/\/frigoman.ca\/\",\"name\":\"\",\"description\":\"Les Sp&eacute;cialistes en R&eacute;frig&eacute;ration Commerciale\",\"publisher\":{\"@id\":\"https:\/\/frigoman.ca\/#organization\"},\"potentialAction\":[{\"@type\":\"SearchAction\",\"target\":{\"@type\":\"EntryPoint\",\"urlTemplate\":\"https:\/\/frigoman.ca\/?s={search_term_string}\"},\"query-input\":\"required name=search_term_string\"}],\"inLanguage\":\"fr-CA\"},{\"@type\":\"Organization\",\"@id\":\"https:\/\/frigoman.ca\/#organization\",\"name\":\"FrigoMan inc.\",\"url\":\"https:\/\/frigoman.ca\/\",\"logo\":{\"@type\":\"ImageObject\",\"inLanguage\":\"fr-CA\",\"@id\":\"https:\/\/frigoman.ca\/#\/schema\/logo\/image\/\",\"url\":\"http:\/\/frigoman.ca\/wp-content\/uploads\/2018\/06\/Website-logo-Frigoman.png\",\"contentUrl\":\"http:\/\/frigoman.ca\/wp-content\/uploads\/2018\/06\/Website-logo-Frigoman.png\",\"width\":288,\"height\":99,\"caption\":\"FrigoMan inc.\"},\"image\":{\"@id\":\"https:\/\/frigoman.ca\/#\/schema\/logo\/image\/\"}}]}<\/script>\n<!-- \/ Yoast SEO plugin. -->","yoast_head_json":{"title":"Produits -","description":"rcg 13-011 r\u00e9frig\u00e9ration commerciale glycol pak chiller pak chambre froide cong\u00e9lateur machine cr\u00e8me glac\u00e9e compresseur boucle ferm\u00e9e slush gelato airdyne","robots":{"index":"index","follow":"follow","max-snippet":"max-snippet:-1","max-image-preview":"max-image-preview:large","max-video-preview":"max-video-preview:-1"},"canonical":"https:\/\/frigoman.ca\/qc\/frigoman-commercial-refrigeration-products\/","og_locale":"fr_CA","og_type":"article","og_title":"Produits -","og_description":"rcg 13-011 r\u00e9frig\u00e9ration commerciale glycol pak chiller pak chambre froide cong\u00e9lateur machine cr\u00e8me glac\u00e9e compresseur boucle ferm\u00e9e slush gelato airdyne","og_url":"https:\/\/frigoman.ca\/qc\/frigoman-commercial-refrigeration-products\/","article_modified_time":"2019-07-03T19:05:44+00:00","og_image":[{"url":"http:\/\/frigoman.ca\/wp-content\/uploads\/2018\/06\/Airdyne-Logo-ENG.jpg"}],"twitter_card":"summary_large_image","twitter_misc":{"Estimation du temps de lecture":"1 minute"},"schema":{"@context":"https:\/\/schema.org","@graph":[{"@type":"WebPage","@id":"https:\/\/frigoman.ca\/qc\/frigoman-commercial-refrigeration-products\/","url":"https:\/\/frigoman.ca\/qc\/frigoman-commercial-refrigeration-products\/","name":"Produits -","isPartOf":{"@id":"https:\/\/frigoman.ca\/#website"},"datePublished":"2017-08-20T01:15:04+00:00","dateModified":"2019-07-03T19:05:44+00:00","description":"rcg 13-011 r\u00e9frig\u00e9ration commerciale glycol pak chiller pak chambre froide cong\u00e9lateur machine cr\u00e8me glac\u00e9e compresseur boucle ferm\u00e9e slush gelato airdyne","breadcrumb":{"@id":"https:\/\/frigoman.ca\/qc\/frigoman-commercial-refrigeration-products\/#breadcrumb"},"inLanguage":"fr-CA","potentialAction":[{"@type":"ReadAction","target":["https:\/\/frigoman.ca\/qc\/frigoman-commercial-refrigeration-products\/"]}]},{"@type":"BreadcrumbList","@id":"https:\/\/frigoman.ca\/qc\/frigoman-commercial-refrigeration-products\/#breadcrumb","itemListElement":[{"@type":"ListItem","position":1,"name":"Home","item":"https:\/\/frigoman.ca\/"},{"@type":"ListItem","position":2,"name":"Produits"}]},{"@type":"WebSite","@id":"https:\/\/frigoman.ca\/#website","url":"https:\/\/frigoman.ca\/","name":"","description":"Les Sp&eacute;cialistes en R&eacute;frig&eacute;ration Commerciale","publisher":{"@id":"https:\/\/frigoman.ca\/#organization"},"potentialAction":[{"@type":"SearchAction","target":{"@type":"EntryPoint","urlTemplate":"https:\/\/frigoman.ca\/?s={search_term_string}"},"query-input":"required name=search_term_string"}],"inLanguage":"fr-CA"},{"@type":"Organization","@id":"https:\/\/frigoman.ca\/#organization","name":"FrigoMan inc.","url":"https:\/\/frigoman.ca\/","logo":{"@type":"ImageObject","inLanguage":"fr-CA","@id":"https:\/\/frigoman.ca\/#\/schema\/logo\/image\/","url":"http:\/\/frigoman.ca\/wp-content\/uploads\/2018\/06\/Website-logo-Frigoman.png","contentUrl":"http:\/\/frigoman.ca\/wp-content\/uploads\/2018\/06\/Website-logo-Frigoman.png","width":288,"height":99,"caption":"FrigoMan inc."},"image":{"@id":"https:\/\/frigoman.ca\/#\/schema\/logo\/image\/"}}]}},"_links":{"self":[{"href":"https:\/\/frigoman.ca\/qc\/wp-json\/wp\/v2\/pages\/358"}],"collection":[{"href":"https:\/\/frigoman.ca\/qc\/wp-json\/wp\/v2\/pages"}],"about":[{"href":"https:\/\/frigoman.ca\/qc\/wp-json\/wp\/v2\/types\/page"}],"author":[{"embeddable":true,"href":"https:\/\/frigoman.ca\/qc\/wp-json\/wp\/v2\/users\/1"}],"replies":[{"embeddable":true,"href":"https:\/\/frigoman.ca\/qc\/wp-json\/wp\/v2\/comments?post=358"}],"version-history":[{"count":7,"href":"https:\/\/frigoman.ca\/qc\/wp-json\/wp\/v2\/pages\/358\/revisions"}],"predecessor-version":[{"id":484,"href":"https:\/\/frigoman.ca\/qc\/wp-json\/wp\/v2\/pages\/358\/revisions\/484"}],"wp:attachment":[{"href":"https:\/\/frigoman.ca\/qc\/wp-json\/wp\/v2\/media?parent=358"}],"curies":[{"name":"wp","href":"https:\/\/api.w.org\/{rel}","templated":true}]}}