{"id":414,"date":"2017-12-11T15:03:10","date_gmt":"2017-12-11T20:03:10","guid":{"rendered":"https:\/\/frigoman.ca\/?page_id=414"},"modified":"2020-02-06T16:08:13","modified_gmt":"2020-02-06T21:08:13","slug":"glycol-pak-rcg-13-011","status":"publish","type":"page","link":"https:\/\/frigoman.ca\/qc\/glycol-pak-rcg-13-011\/","title":{"rendered":"Glycol-Pak"},"content":{"rendered":"<h2><strong>\u00c0 PROPOS DE NOS SYST\u00c8MES EN BOUCLE FERM\u00c9E GLYCOL-PAK\u00a0<\/strong><\/h2>\n<h3>DESIGN DU SYST\u00c8ME<\/h3>\n<p>Le syst\u00e8me de refroidissement GLYCOL-PAK de Airdyne est un \u00e9changeur de chaleur con\u00e7u pour des \u00e9quipements refroidi \u00e0 l\u2019eau.\u00a0 Le glycol chaud provenant des condenseurs \u00e0 l\u2019eau est acheminer au refroidisseur \u201cGLYCOL-PAK\u201d qui extrait la chaleur et l\u2019\u00e9vacue dans l\u2019air ext\u00e9rieur. \u00a0Le glycol refroidi est ensuite pomp\u00e9 vers les \u00e9quipements et circul\u00e9 en continu pour assurer le refroidissement constant de ceux-ci. Le syst\u00e8me est contr\u00f4l\u00e9 par un thermostat qui assure la modulation des ventilateurs lorsque la temp\u00e9rature d\u00e9sir\u00e9e est atteinte. Le GLYCOL-PAK est livr\u00e9 avec un manifold et le filage \u00e9lectrique int\u00e9gr\u00e9 pour assurer des frais d\u2019installation moins co\u00fbteux sur le chantier.<\/p>\n<h3>B\u00c9N\u00c9FICES D&rsquo;UTILISATION DU glycol-pak<\/h3>\n<p>Il y a deux b\u00e9n\u00e9fices majeur li\u00e9 \u00e0 l\u2019utilisation du syst\u00e8me au glycol en boucle ferm\u00e9e; une diminution des frais \u00e9nerg\u00e9tiques reli\u00e9 \u00e0 l\u2019utilisation d\u2019un climatiseur car la chaleur du compresseur n\u2019est pas rejet\u00e9 dans l\u2019air ambiant et la r\u00e9duction des frais d\u2019utilisation de l\u2019eau potable.\u00a0 Le glycol refroidi est constamment circul\u00e9 et ne viens jamais en contact avec l\u2019air ext\u00e9rieur. En surplus, aucun ajout d\u2019eau est requis ou d\u2019entretien dispendieux avec des produits chimiques qui est typique avec des tours d\u2019eau.<\/p>\n<h3 style=\"text-align: center;\"><strong>un syst\u00c8ME gp-4<\/strong><\/h3>\n<p><a href=\"http:\/\/frigoman.ca\/wp-content\/uploads\/2018\/06\/gp-4.jpg\"><img decoding=\"async\" loading=\"lazy\" class=\"size-full wp-image-444 aligncenter\" src=\"http:\/\/frigoman.ca\/wp-content\/uploads\/2018\/06\/gp-4.jpg\" alt=\"\" width=\"1127\" height=\"845\" srcset=\"https:\/\/frigoman.ca\/wp-content\/uploads\/2018\/06\/gp-4.jpg 1127w, https:\/\/frigoman.ca\/wp-content\/uploads\/2018\/06\/gp-4-300x225.jpg 300w, https:\/\/frigoman.ca\/wp-content\/uploads\/2018\/06\/gp-4-768x576.jpg 768w, https:\/\/frigoman.ca\/wp-content\/uploads\/2018\/06\/gp-4-1024x768.jpg 1024w\" sizes=\"(max-width: 1127px) 100vw, 1127px\" \/><\/a><\/p>\n<h3 style=\"text-align: center;\"><strong>un syst\u00c8ME gp-9<\/strong><\/h3>\n<p><a href=\"http:\/\/frigoman.ca\/wp-content\/uploads\/2018\/06\/GP-9.jpg\"><img decoding=\"async\" loading=\"lazy\" class=\"size-full wp-image-445 aligncenter\" src=\"http:\/\/frigoman.ca\/wp-content\/uploads\/2018\/06\/GP-9.jpg\" alt=\"\" width=\"1127\" height=\"845\" srcset=\"https:\/\/frigoman.ca\/wp-content\/uploads\/2018\/06\/GP-9.jpg 1127w, https:\/\/frigoman.ca\/wp-content\/uploads\/2018\/06\/GP-9-300x225.jpg 300w, https:\/\/frigoman.ca\/wp-content\/uploads\/2018\/06\/GP-9-768x576.jpg 768w, https:\/\/frigoman.ca\/wp-content\/uploads\/2018\/06\/GP-9-1024x768.jpg 1024w\" sizes=\"(max-width: 1127px) 100vw, 1127px\" \/><\/a><\/p>\n<h3><\/h3>\n<h3>GLYCOL-PAK SPECIFICATIONS<\/h3>\n<p><a href=\"http:\/\/frigoman.ca\/wp-content\/uploads\/2018\/06\/GP-Specs-fr.jpg\"><img decoding=\"async\" loading=\"lazy\" class=\"size-full wp-image-454 aligncenter\" src=\"http:\/\/frigoman.ca\/wp-content\/uploads\/2018\/06\/GP-Specs-fr.jpg\" alt=\"\" width=\"1214\" height=\"464\" srcset=\"https:\/\/frigoman.ca\/wp-content\/uploads\/2018\/06\/GP-Specs-fr.jpg 1214w, https:\/\/frigoman.ca\/wp-content\/uploads\/2018\/06\/GP-Specs-fr-300x115.jpg 300w, https:\/\/frigoman.ca\/wp-content\/uploads\/2018\/06\/GP-Specs-fr-768x294.jpg 768w, https:\/\/frigoman.ca\/wp-content\/uploads\/2018\/06\/GP-Specs-fr-1024x391.jpg 1024w\" sizes=\"(max-width: 1214px) 100vw, 1214px\" \/><\/a><\/p>\n","protected":false},"excerpt":{"rendered":"<p>\u00c0 PROPOS DE NOS SYST\u00c8MES EN BOUCLE FERM\u00c9E GLYCOL-PAK\u00a0 DESIGN DU SYST\u00c8ME Le syst\u00e8me de refroidissement GLYCOL-PAK de Airdyne est&hellip;<\/p>\n","protected":false},"author":1,"featured_media":0,"parent":0,"menu_order":0,"comment_status":"closed","ping_status":"closed","template":"","meta":[],"translation":{"provider":"WPGlobus","version":"2.12.2","language":"qc","enabled_languages":["ca","qc"],"languages":{"ca":{"title":true,"content":true,"excerpt":false},"qc":{"title":true,"content":true,"excerpt":false}}},"yoast_head":"<!-- This site is optimized with the Yoast SEO plugin v20.13 - https:\/\/yoast.com\/wordpress\/plugins\/seo\/ -->\n<title>Refroidisseur au Glycol Montr\u00e9al | Tour de refroidissement | FrigoMan<\/title>\n<meta name=\"description\" content=\"Notre syst\u00e8me de refroidissement au Glycol est un \u00e9changeur de chaleur con\u00e7u pour des \u00e9quipements refroidi \u00e0 l\u2019eau. C\u2019est un syst\u00e8me de refroidissement en boucle ferm\u00e9e.\" \/>\n<meta name=\"robots\" content=\"index, follow, max-snippet:-1, max-image-preview:large, max-video-preview:-1\" \/>\n<link rel=\"canonical\" href=\"https:\/\/frigoman.ca\/glycol-pak-rcg-13-011\/\" \/>\n<meta property=\"og:locale\" content=\"fr_CA\" \/>\n<meta property=\"og:type\" content=\"article\" \/>\n<meta property=\"og:title\" content=\"{:ca}Glycol-pak Chiller | Montreal Closed Loop Cooling System | FrigoMan{:}{:qc}Refroidisseur au Glycol Montr\u00e9al | Tour de refroidissement | FrigoMan{:}\" \/>\n<meta property=\"og:description\" content=\"Notre syst\u00e8me de refroidissement au Glycol est un \u00e9changeur de chaleur con\u00e7u pour des \u00e9quipements refroidi \u00e0 l\u2019eau. C\u2019est un syst\u00e8me de refroidissement en boucle ferm\u00e9e.\" \/>\n<meta property=\"og:url\" content=\"https:\/\/frigoman.ca\/glycol-pak-rcg-13-011\/\" \/>\n<meta property=\"article:modified_time\" content=\"2020-02-06T21:08:13+00:00\" \/>\n<meta property=\"og:image\" content=\"http:\/\/frigoman.ca\/wp-content\/uploads\/2018\/06\/gp-4.jpg\" \/>\n<meta name=\"twitter:card\" content=\"summary_large_image\" \/>\n<meta name=\"twitter:label1\" content=\"Estimation du temps de lecture\" \/>\n\t<meta name=\"twitter:data1\" content=\"2 minutes\" \/>\n<script type=\"application\/ld+json\" class=\"yoast-schema-graph\">{\"@context\":\"https:\/\/schema.org\",\"@graph\":[{\"@type\":\"WebPage\",\"@id\":\"https:\/\/frigoman.ca\/glycol-pak-rcg-13-011\/\",\"url\":\"https:\/\/frigoman.ca\/glycol-pak-rcg-13-011\/\",\"name\":\"Glycol-pak Chiller | Montreal Closed Loop Cooling System | FrigoMan\",\"isPartOf\":{\"@id\":\"https:\/\/frigoman.ca\/#website\"},\"datePublished\":\"2017-12-11T20:03:10+00:00\",\"dateModified\":\"2020-02-06T21:08:13+00:00\",\"description\":\"Notre syst\u00e8me de refroidissement au Glycol est un \u00e9changeur de chaleur con\u00e7u pour des \u00e9quipements refroidi \u00e0 l\u2019eau. C\u2019est un syst\u00e8me de refroidissement en boucle ferm\u00e9e.\",\"breadcrumb\":{\"@id\":\"https:\/\/frigoman.ca\/glycol-pak-rcg-13-011\/#breadcrumb\"},\"inLanguage\":\"fr-CA\",\"potentialAction\":[{\"@type\":\"ReadAction\",\"target\":[\"https:\/\/frigoman.ca\/glycol-pak-rcg-13-011\/\"]}]},{\"@type\":\"BreadcrumbList\",\"@id\":\"https:\/\/frigoman.ca\/glycol-pak-rcg-13-011\/#breadcrumb\",\"itemListElement\":[{\"@type\":\"ListItem\",\"position\":1,\"name\":\"Home\",\"item\":\"https:\/\/frigoman.ca\/\"},{\"@type\":\"ListItem\",\"position\":2,\"name\":\"Glycol-Pak\"}]},{\"@type\":\"WebSite\",\"@id\":\"https:\/\/frigoman.ca\/#website\",\"url\":\"https:\/\/frigoman.ca\/\",\"name\":\"\",\"description\":\"Les Sp&eacute;cialistes en R&eacute;frig&eacute;ration Commerciale\",\"publisher\":{\"@id\":\"https:\/\/frigoman.ca\/#organization\"},\"potentialAction\":[{\"@type\":\"SearchAction\",\"target\":{\"@type\":\"EntryPoint\",\"urlTemplate\":\"https:\/\/frigoman.ca\/?s={search_term_string}\"},\"query-input\":\"required name=search_term_string\"}],\"inLanguage\":\"fr-CA\"},{\"@type\":\"Organization\",\"@id\":\"https:\/\/frigoman.ca\/#organization\",\"name\":\"FrigoMan inc.\",\"url\":\"https:\/\/frigoman.ca\/\",\"logo\":{\"@type\":\"ImageObject\",\"inLanguage\":\"fr-CA\",\"@id\":\"https:\/\/frigoman.ca\/#\/schema\/logo\/image\/\",\"url\":\"http:\/\/frigoman.ca\/wp-content\/uploads\/2018\/06\/Website-logo-Frigoman.png\",\"contentUrl\":\"http:\/\/frigoman.ca\/wp-content\/uploads\/2018\/06\/Website-logo-Frigoman.png\",\"width\":288,\"height\":99,\"caption\":\"FrigoMan inc.\"},\"image\":{\"@id\":\"https:\/\/frigoman.ca\/#\/schema\/logo\/image\/\"}}]}<\/script>\n<!-- \/ Yoast SEO plugin. -->","yoast_head_json":{"title":"Refroidisseur au Glycol Montr\u00e9al | Tour de refroidissement | FrigoMan","description":"Notre syst\u00e8me de refroidissement au Glycol est un \u00e9changeur de chaleur con\u00e7u pour des \u00e9quipements refroidi \u00e0 l\u2019eau. C\u2019est un syst\u00e8me de refroidissement en boucle ferm\u00e9e.","robots":{"index":"index","follow":"follow","max-snippet":"max-snippet:-1","max-image-preview":"max-image-preview:large","max-video-preview":"max-video-preview:-1"},"canonical":"https:\/\/frigoman.ca\/glycol-pak-rcg-13-011\/","og_locale":"fr_CA","og_type":"article","og_title":"{:ca}Glycol-pak Chiller | Montreal Closed Loop Cooling System | FrigoMan{:}{:qc}Refroidisseur au Glycol Montr\u00e9al | Tour de refroidissement | FrigoMan{:}","og_description":"Notre syst\u00e8me de refroidissement au Glycol est un \u00e9changeur de chaleur con\u00e7u pour des \u00e9quipements refroidi \u00e0 l\u2019eau. C\u2019est un syst\u00e8me de refroidissement en boucle ferm\u00e9e.","og_url":"https:\/\/frigoman.ca\/glycol-pak-rcg-13-011\/","article_modified_time":"2020-02-06T21:08:13+00:00","og_image":[{"url":"http:\/\/frigoman.ca\/wp-content\/uploads\/2018\/06\/gp-4.jpg"}],"twitter_card":"summary_large_image","twitter_misc":{"Estimation du temps de lecture":"2 minutes"},"schema":{"@context":"https:\/\/schema.org","@graph":[{"@type":"WebPage","@id":"https:\/\/frigoman.ca\/glycol-pak-rcg-13-011\/","url":"https:\/\/frigoman.ca\/glycol-pak-rcg-13-011\/","name":"Glycol-pak Chiller | Montreal Closed Loop Cooling System | FrigoMan","isPartOf":{"@id":"https:\/\/frigoman.ca\/#website"},"datePublished":"2017-12-11T20:03:10+00:00","dateModified":"2020-02-06T21:08:13+00:00","description":"Notre syst\u00e8me de refroidissement au Glycol est un \u00e9changeur de chaleur con\u00e7u pour des \u00e9quipements refroidi \u00e0 l\u2019eau. C\u2019est un syst\u00e8me de refroidissement en boucle ferm\u00e9e.","breadcrumb":{"@id":"https:\/\/frigoman.ca\/glycol-pak-rcg-13-011\/#breadcrumb"},"inLanguage":"fr-CA","potentialAction":[{"@type":"ReadAction","target":["https:\/\/frigoman.ca\/glycol-pak-rcg-13-011\/"]}]},{"@type":"BreadcrumbList","@id":"https:\/\/frigoman.ca\/glycol-pak-rcg-13-011\/#breadcrumb","itemListElement":[{"@type":"ListItem","position":1,"name":"Home","item":"https:\/\/frigoman.ca\/"},{"@type":"ListItem","position":2,"name":"Glycol-Pak"}]},{"@type":"WebSite","@id":"https:\/\/frigoman.ca\/#website","url":"https:\/\/frigoman.ca\/","name":"","description":"Les Sp&eacute;cialistes en R&eacute;frig&eacute;ration Commerciale","publisher":{"@id":"https:\/\/frigoman.ca\/#organization"},"potentialAction":[{"@type":"SearchAction","target":{"@type":"EntryPoint","urlTemplate":"https:\/\/frigoman.ca\/?s={search_term_string}"},"query-input":"required name=search_term_string"}],"inLanguage":"fr-CA"},{"@type":"Organization","@id":"https:\/\/frigoman.ca\/#organization","name":"FrigoMan inc.","url":"https:\/\/frigoman.ca\/","logo":{"@type":"ImageObject","inLanguage":"fr-CA","@id":"https:\/\/frigoman.ca\/#\/schema\/logo\/image\/","url":"http:\/\/frigoman.ca\/wp-content\/uploads\/2018\/06\/Website-logo-Frigoman.png","contentUrl":"http:\/\/frigoman.ca\/wp-content\/uploads\/2018\/06\/Website-logo-Frigoman.png","width":288,"height":99,"caption":"FrigoMan inc."},"image":{"@id":"https:\/\/frigoman.ca\/#\/schema\/logo\/image\/"}}]}},"_links":{"self":[{"href":"https:\/\/frigoman.ca\/qc\/wp-json\/wp\/v2\/pages\/414"}],"collection":[{"href":"https:\/\/frigoman.ca\/qc\/wp-json\/wp\/v2\/pages"}],"about":[{"href":"https:\/\/frigoman.ca\/qc\/wp-json\/wp\/v2\/types\/page"}],"author":[{"embeddable":true,"href":"https:\/\/frigoman.ca\/qc\/wp-json\/wp\/v2\/users\/1"}],"replies":[{"embeddable":true,"href":"https:\/\/frigoman.ca\/qc\/wp-json\/wp\/v2\/comments?post=414"}],"version-history":[{"count":24,"href":"https:\/\/frigoman.ca\/qc\/wp-json\/wp\/v2\/pages\/414\/revisions"}],"predecessor-version":[{"id":474,"href":"https:\/\/frigoman.ca\/qc\/wp-json\/wp\/v2\/pages\/414\/revisions\/474"}],"wp:attachment":[{"href":"https:\/\/frigoman.ca\/qc\/wp-json\/wp\/v2\/media?parent=414"}],"curies":[{"name":"wp","href":"https:\/\/api.w.org\/{rel}","templated":true}]}}