{"id":417,"date":"2017-12-11T15:06:18","date_gmt":"2017-12-11T20:06:18","guid":{"rendered":"http:\/\/frigoman.ca\/?page_id=417"},"modified":"2020-02-06T16:09:35","modified_gmt":"2020-02-06T21:09:35","slug":"chiller-pak-glycol-rcg-13-011","status":"publish","type":"page","link":"https:\/\/frigoman.ca\/qc\/chiller-pak-glycol-rcg-13-011\/","title":{"rendered":"Chiller-Pak"},"content":{"rendered":"<h2>\u00c0 PROPOS DE NOS SYST\u00c8MES AU GLYCOL CHILLER-PAK EN BOUCLE FERM\u00c9E<\/h2>\n<h3>DESIGN DU SYST\u00c8ME<\/h3>\n<p>Le syst\u00e8me au glycol en boucle ferm\u00e9e Chiller-Pak fait circuler le liquide de refroidissement \u00e0 une temp\u00e9rature et pression constante pour assurer la performance optimale de tous vos \u00e9quipements et instruments refroidis \u00e0 l\u2019eau. Le module de r\u00e9frig\u00e9ration est refroidi \u00e0 l\u2019air, \u00e9limine l\u2019utilisation de l\u2019eau potable et pr\u00e9vient la corrosion et le colmatage des \u00e9changes de chaleurs \u00e0 diam\u00e8tre r\u00e9duit d\u00fb \u00e0 la rouille et l\u2019accumulation d\u2019\u00e9cailles.<\/p>\n<p>Le syst\u00e8me Chiller Pak de RMI- Airdyne utilise un r\u00e9servoir de refroidissement de type entreposage pour assurer un contr\u00f4le de temp\u00e9rature rigoureux du glycol en circulation dans la boucle ferm\u00e9e. Le r\u00e9servoir est scell\u00e9 pour \u00e9viter l\u2019\u00e9vaporation et la contamination du glycol. Il inclut un indicateur de niveau, un port de remplissage et un pour le nettoyage. La pompe circule le glycol \u00e0 une pression et d\u00e9bit constant qui peut \u00eatre ajust\u00e9 avec une valve.<\/p>\n<p>Une fabrication de qualit\u00e9 et une panoplie d\u2019options vous procure une solution de refroidissement qui est fiable et efficace. Le Chiller Pak de Airdyne \u00e9limine les probl\u00e8mes associ\u00e9s avec d\u2019autres types de syst\u00e8me de refroidissement en boucle ferm\u00e9e.<\/p>\n<h3>fAITS SAILLANTS DES CHILLER-PAKS<\/h3>\n<p>Les syst\u00e8mes sont con\u00e7us pour refroidir de 24 000 \u00e0 240 000 BTU en rejet de chaleur. Notre choix de dix \u00a0(10) mod\u00e8les standards sont disponibles pour tous les types d\u2019\u00e9quipements et de compresseurs refroidis \u00e0 l\u2019eau.<\/p>\n<p>Chaque syst\u00e8me est \u00e9quip\u00e9 d\u2019un cabinet durable en acier galvanis\u00e9, des coils en cuivre \u00e9chelonn\u00e9s avec des palmes en aluminium, une pompe centrifuge, assemblage moteur du ventilateur, un r\u00e9servoir d\u2019expansion thermique avec port de remplissage, contournement de la pompe avec valve de pression ajustable, valve automatique d\u2019\u00e9vacuation d\u2019air, un thermostat de ventilateur, d\u00e9connecte de fusible et manifold.<\/p>\n<h3 style=\"text-align: center;\">DAIRY QUEEN &#8211; AVENUE DU PARC<\/h3>\n<p><a href=\"http:\/\/frigoman.ca\/wp-content\/uploads\/2018\/06\/Chiller-Pak-1.jpg\"><img decoding=\"async\" loading=\"lazy\" class=\" wp-image-460 aligncenter\" src=\"http:\/\/frigoman.ca\/wp-content\/uploads\/2018\/06\/Chiller-Pak-1.jpg\" alt=\"\" width=\"553\" height=\"736\" srcset=\"https:\/\/frigoman.ca\/wp-content\/uploads\/2018\/06\/Chiller-Pak-1.jpg 552w, https:\/\/frigoman.ca\/wp-content\/uploads\/2018\/06\/Chiller-Pak-1-225x300.jpg 225w\" sizes=\"(max-width: 553px) 100vw, 553px\" \/><\/a><\/p>\n<h3><\/h3>\n<h3 style=\"text-align: center;\">YEH YOGURT &#8211; rue SHERBROOKE<\/h3>\n<p><a href=\"http:\/\/frigoman.ca\/wp-content\/uploads\/2018\/06\/Chiller-Pak-2.jpg\"><img decoding=\"async\" loading=\"lazy\" class=\" wp-image-464 aligncenter\" src=\"http:\/\/frigoman.ca\/wp-content\/uploads\/2018\/06\/Chiller-Pak-2.jpg\" alt=\"\" width=\"552\" height=\"736\" srcset=\"https:\/\/frigoman.ca\/wp-content\/uploads\/2018\/06\/Chiller-Pak-2.jpg 519w, https:\/\/frigoman.ca\/wp-content\/uploads\/2018\/06\/Chiller-Pak-2-225x300.jpg 225w\" sizes=\"(max-width: 552px) 100vw, 552px\" \/><\/a><\/p>\n","protected":false},"excerpt":{"rendered":"<p>\u00c0 PROPOS DE NOS SYST\u00c8MES AU GLYCOL CHILLER-PAK EN BOUCLE FERM\u00c9E DESIGN DU SYST\u00c8ME Le syst\u00e8me au glycol en boucle&hellip;<\/p>\n","protected":false},"author":1,"featured_media":0,"parent":0,"menu_order":0,"comment_status":"closed","ping_status":"closed","template":"","meta":[],"translation":{"provider":"WPGlobus","version":"2.12.2","language":"qc","enabled_languages":["ca","qc"],"languages":{"ca":{"title":true,"content":true,"excerpt":false},"qc":{"title":true,"content":true,"excerpt":false}}},"yoast_head":"<!-- This site is optimized with the Yoast SEO plugin v20.13 - https:\/\/yoast.com\/wordpress\/plugins\/seo\/ -->\n<title>Compresseur de r\u00e9frig\u00e9ration | R\u00e8glement utilisation de l\u2019eau | FrigoMan<\/title>\n<meta name=\"description\" content=\"Le syst\u00e8me Chiller Pak utilise un r\u00e9servoir de refroidissement pour assurer un contr\u00f4le de temp\u00e9rature du glycol. Id\u00e9al pour le r\u00e8glement de l\u2019utilisation de l\u2019eau \u00e0 Vancouver.\" \/>\n<meta name=\"robots\" content=\"index, follow, max-snippet:-1, max-image-preview:large, max-video-preview:-1\" \/>\n<link rel=\"canonical\" href=\"https:\/\/frigoman.ca\/qc\/chiller-pak-glycol-rcg-13-011\/\" \/>\n<meta property=\"og:locale\" content=\"fr_CA\" \/>\n<meta property=\"og:type\" content=\"article\" \/>\n<meta property=\"og:title\" content=\"{:ca}Chiller-Pak | Refrigeration Compressor | Vancouver Water by-law | FrigoMan{:}{:qc}Compresseur de r\u00e9frig\u00e9ration | R\u00e8glement utilisation de l\u2019eau | FrigoMan{:}\" \/>\n<meta property=\"og:description\" content=\"Le syst\u00e8me Chiller Pak utilise un r\u00e9servoir de refroidissement pour assurer un contr\u00f4le de temp\u00e9rature du glycol. Id\u00e9al pour le r\u00e8glement de l\u2019utilisation de l\u2019eau \u00e0 Vancouver.\" \/>\n<meta property=\"og:url\" content=\"https:\/\/frigoman.ca\/qc\/chiller-pak-glycol-rcg-13-011\/\" \/>\n<meta property=\"article:modified_time\" content=\"2020-02-06T21:09:35+00:00\" \/>\n<meta property=\"og:image\" content=\"http:\/\/frigoman.ca\/wp-content\/uploads\/2018\/06\/Chiller-Pak-1.jpg\" \/>\n<meta name=\"twitter:card\" content=\"summary_large_image\" \/>\n<meta name=\"twitter:label1\" content=\"Estimation du temps de lecture\" \/>\n\t<meta name=\"twitter:data1\" content=\"3 minutes\" \/>\n<script type=\"application\/ld+json\" class=\"yoast-schema-graph\">{\"@context\":\"https:\/\/schema.org\",\"@graph\":[{\"@type\":\"WebPage\",\"@id\":\"https:\/\/frigoman.ca\/qc\/chiller-pak-glycol-rcg-13-011\/\",\"url\":\"https:\/\/frigoman.ca\/qc\/chiller-pak-glycol-rcg-13-011\/\",\"name\":\"Compresseur de r\u00e9frig\u00e9ration | R\u00e8glement utilisation de l\u2019eau | FrigoMan\",\"isPartOf\":{\"@id\":\"https:\/\/frigoman.ca\/#website\"},\"datePublished\":\"2017-12-11T20:06:18+00:00\",\"dateModified\":\"2020-02-06T21:09:35+00:00\",\"description\":\"Le syst\u00e8me Chiller Pak utilise un r\u00e9servoir de refroidissement pour assurer un contr\u00f4le de temp\u00e9rature du glycol. Id\u00e9al pour le r\u00e8glement de l\u2019utilisation de l\u2019eau \u00e0 Vancouver.\",\"breadcrumb\":{\"@id\":\"https:\/\/frigoman.ca\/qc\/chiller-pak-glycol-rcg-13-011\/#breadcrumb\"},\"inLanguage\":\"fr-CA\",\"potentialAction\":[{\"@type\":\"ReadAction\",\"target\":[\"https:\/\/frigoman.ca\/qc\/chiller-pak-glycol-rcg-13-011\/\"]}]},{\"@type\":\"BreadcrumbList\",\"@id\":\"https:\/\/frigoman.ca\/qc\/chiller-pak-glycol-rcg-13-011\/#breadcrumb\",\"itemListElement\":[{\"@type\":\"ListItem\",\"position\":1,\"name\":\"Home\",\"item\":\"https:\/\/frigoman.ca\/\"},{\"@type\":\"ListItem\",\"position\":2,\"name\":\"Chiller-Pak\"}]},{\"@type\":\"WebSite\",\"@id\":\"https:\/\/frigoman.ca\/#website\",\"url\":\"https:\/\/frigoman.ca\/\",\"name\":\"\",\"description\":\"Les Sp&eacute;cialistes en R&eacute;frig&eacute;ration Commerciale\",\"publisher\":{\"@id\":\"https:\/\/frigoman.ca\/#organization\"},\"potentialAction\":[{\"@type\":\"SearchAction\",\"target\":{\"@type\":\"EntryPoint\",\"urlTemplate\":\"https:\/\/frigoman.ca\/?s={search_term_string}\"},\"query-input\":\"required name=search_term_string\"}],\"inLanguage\":\"fr-CA\"},{\"@type\":\"Organization\",\"@id\":\"https:\/\/frigoman.ca\/#organization\",\"name\":\"FrigoMan inc.\",\"url\":\"https:\/\/frigoman.ca\/\",\"logo\":{\"@type\":\"ImageObject\",\"inLanguage\":\"fr-CA\",\"@id\":\"https:\/\/frigoman.ca\/#\/schema\/logo\/image\/\",\"url\":\"http:\/\/frigoman.ca\/wp-content\/uploads\/2018\/06\/Website-logo-Frigoman.png\",\"contentUrl\":\"http:\/\/frigoman.ca\/wp-content\/uploads\/2018\/06\/Website-logo-Frigoman.png\",\"width\":288,\"height\":99,\"caption\":\"FrigoMan inc.\"},\"image\":{\"@id\":\"https:\/\/frigoman.ca\/#\/schema\/logo\/image\/\"}}]}<\/script>\n<!-- \/ Yoast SEO plugin. -->","yoast_head_json":{"title":"Compresseur de r\u00e9frig\u00e9ration | R\u00e8glement utilisation de l\u2019eau | FrigoMan","description":"Le syst\u00e8me Chiller Pak utilise un r\u00e9servoir de refroidissement pour assurer un contr\u00f4le de temp\u00e9rature du glycol. Id\u00e9al pour le r\u00e8glement de l\u2019utilisation de l\u2019eau \u00e0 Vancouver.","robots":{"index":"index","follow":"follow","max-snippet":"max-snippet:-1","max-image-preview":"max-image-preview:large","max-video-preview":"max-video-preview:-1"},"canonical":"https:\/\/frigoman.ca\/qc\/chiller-pak-glycol-rcg-13-011\/","og_locale":"fr_CA","og_type":"article","og_title":"{:ca}Chiller-Pak | Refrigeration Compressor | Vancouver Water by-law | FrigoMan{:}{:qc}Compresseur de r\u00e9frig\u00e9ration | R\u00e8glement utilisation de l\u2019eau | FrigoMan{:}","og_description":"Le syst\u00e8me Chiller Pak utilise un r\u00e9servoir de refroidissement pour assurer un contr\u00f4le de temp\u00e9rature du glycol. Id\u00e9al pour le r\u00e8glement de l\u2019utilisation de l\u2019eau \u00e0 Vancouver.","og_url":"https:\/\/frigoman.ca\/qc\/chiller-pak-glycol-rcg-13-011\/","article_modified_time":"2020-02-06T21:09:35+00:00","og_image":[{"url":"http:\/\/frigoman.ca\/wp-content\/uploads\/2018\/06\/Chiller-Pak-1.jpg"}],"twitter_card":"summary_large_image","twitter_misc":{"Estimation du temps de lecture":"3 minutes"},"schema":{"@context":"https:\/\/schema.org","@graph":[{"@type":"WebPage","@id":"https:\/\/frigoman.ca\/qc\/chiller-pak-glycol-rcg-13-011\/","url":"https:\/\/frigoman.ca\/qc\/chiller-pak-glycol-rcg-13-011\/","name":"Compresseur de r\u00e9frig\u00e9ration | R\u00e8glement utilisation de l\u2019eau | FrigoMan","isPartOf":{"@id":"https:\/\/frigoman.ca\/#website"},"datePublished":"2017-12-11T20:06:18+00:00","dateModified":"2020-02-06T21:09:35+00:00","description":"Le syst\u00e8me Chiller Pak utilise un r\u00e9servoir de refroidissement pour assurer un contr\u00f4le de temp\u00e9rature du glycol. Id\u00e9al pour le r\u00e8glement de l\u2019utilisation de l\u2019eau \u00e0 Vancouver.","breadcrumb":{"@id":"https:\/\/frigoman.ca\/qc\/chiller-pak-glycol-rcg-13-011\/#breadcrumb"},"inLanguage":"fr-CA","potentialAction":[{"@type":"ReadAction","target":["https:\/\/frigoman.ca\/qc\/chiller-pak-glycol-rcg-13-011\/"]}]},{"@type":"BreadcrumbList","@id":"https:\/\/frigoman.ca\/qc\/chiller-pak-glycol-rcg-13-011\/#breadcrumb","itemListElement":[{"@type":"ListItem","position":1,"name":"Home","item":"https:\/\/frigoman.ca\/"},{"@type":"ListItem","position":2,"name":"Chiller-Pak"}]},{"@type":"WebSite","@id":"https:\/\/frigoman.ca\/#website","url":"https:\/\/frigoman.ca\/","name":"","description":"Les Sp&eacute;cialistes en R&eacute;frig&eacute;ration Commerciale","publisher":{"@id":"https:\/\/frigoman.ca\/#organization"},"potentialAction":[{"@type":"SearchAction","target":{"@type":"EntryPoint","urlTemplate":"https:\/\/frigoman.ca\/?s={search_term_string}"},"query-input":"required name=search_term_string"}],"inLanguage":"fr-CA"},{"@type":"Organization","@id":"https:\/\/frigoman.ca\/#organization","name":"FrigoMan inc.","url":"https:\/\/frigoman.ca\/","logo":{"@type":"ImageObject","inLanguage":"fr-CA","@id":"https:\/\/frigoman.ca\/#\/schema\/logo\/image\/","url":"http:\/\/frigoman.ca\/wp-content\/uploads\/2018\/06\/Website-logo-Frigoman.png","contentUrl":"http:\/\/frigoman.ca\/wp-content\/uploads\/2018\/06\/Website-logo-Frigoman.png","width":288,"height":99,"caption":"FrigoMan inc."},"image":{"@id":"https:\/\/frigoman.ca\/#\/schema\/logo\/image\/"}}]}},"_links":{"self":[{"href":"https:\/\/frigoman.ca\/qc\/wp-json\/wp\/v2\/pages\/417"}],"collection":[{"href":"https:\/\/frigoman.ca\/qc\/wp-json\/wp\/v2\/pages"}],"about":[{"href":"https:\/\/frigoman.ca\/qc\/wp-json\/wp\/v2\/types\/page"}],"author":[{"embeddable":true,"href":"https:\/\/frigoman.ca\/qc\/wp-json\/wp\/v2\/users\/1"}],"replies":[{"embeddable":true,"href":"https:\/\/frigoman.ca\/qc\/wp-json\/wp\/v2\/comments?post=417"}],"version-history":[{"count":9,"href":"https:\/\/frigoman.ca\/qc\/wp-json\/wp\/v2\/pages\/417\/revisions"}],"predecessor-version":[{"id":479,"href":"https:\/\/frigoman.ca\/qc\/wp-json\/wp\/v2\/pages\/417\/revisions\/479"}],"wp:attachment":[{"href":"https:\/\/frigoman.ca\/qc\/wp-json\/wp\/v2\/media?parent=417"}],"curies":[{"name":"wp","href":"https:\/\/api.w.org\/{rel}","templated":true}]}}