{"id":589,"date":"2020-04-29T15:45:23","date_gmt":"2020-04-29T19:45:23","guid":{"rendered":"https:\/\/frigoman.ca\/?page_id=589"},"modified":"2020-05-15T11:40:03","modified_gmt":"2020-05-15T15:40:03","slug":"refrigerated-racking-systems","status":"publish","type":"page","link":"https:\/\/frigoman.ca\/qc\/refrigerated-racking-systems\/","title":{"rendered":"Syst\u00e8me de Racking R\u00e9frig\u00e9r\u00e9"},"content":{"rendered":"<h2>syst\u00e8me d&rsquo;entreposage et de Racking R\u00e9frig\u00e9r\u00e9 sur mesure<\/h2>\n<p>Chez FrigoMan inc. nous vous offrons des solutions faites sur mesure pour tous vos besoins d&rsquo;entreposage r\u00e9frig\u00e9r\u00e9 et congel\u00e9. Allant d&rsquo;une simple chambre froide ou chambre cong\u00e9lateur \u00e0 des syst\u00e8mes complets de manutention et d&rsquo;entreposage r\u00e9frig\u00e9r\u00e9s fait sur mesure pour les institutions, les industries; alimentaire, pharmaceutique ainsi que du transport, la logistique et le cargo a\u00e9rien, chez FrigoMan inc. nous pouvons concevoir, fournir et installer le syst\u00e8me parfait pour votre entreprise selon vos volumes et l&rsquo;espace physique dont vos disposez.\u00a0 En surplus, en collaboration avec notre partenaire sp\u00e9cialis\u00e9 en rayonnage et syst\u00e8me d&rsquo;entreposage; <a href=\"http:\/\/www.meritonindustries.com\">Les Industries Meriton<\/a> nous pouvons vous aidez \u00e0 concevoir et organiser votre entreposage congel\u00e9 et r\u00e9frig\u00e9r\u00e9 pour en maximiser la manutention\u00a0 et l&rsquo;efficacit\u00e9 en r\u00e9duisant l&rsquo;espace totale requis pour vos op\u00e9rations journali\u00e8re.<\/p>\n<p><a href=\"http:\/\/frigoman.ca\/wp-content\/uploads\/2020\/04\/Mer2.jpg\"><img decoding=\"async\" loading=\"lazy\" class=\"size-full wp-image-594 aligncenter\" src=\"http:\/\/frigoman.ca\/wp-content\/uploads\/2020\/04\/Mer2.jpg\" alt=\"\" width=\"1295\" height=\"864\" srcset=\"https:\/\/frigoman.ca\/wp-content\/uploads\/2020\/04\/Mer2.jpg 1295w, https:\/\/frigoman.ca\/wp-content\/uploads\/2020\/04\/Mer2-300x200.jpg 300w, https:\/\/frigoman.ca\/wp-content\/uploads\/2020\/04\/Mer2-1024x683.jpg 1024w, https:\/\/frigoman.ca\/wp-content\/uploads\/2020\/04\/Mer2-768x512.jpg 768w, https:\/\/frigoman.ca\/wp-content\/uploads\/2020\/04\/Mer2-1200x800.jpg 1200w, https:\/\/frigoman.ca\/wp-content\/uploads\/2020\/04\/Mer2-620x413.jpg 620w, https:\/\/frigoman.ca\/wp-content\/uploads\/2020\/04\/Mer2-400x267.jpg 400w\" sizes=\"(max-width: 1295px) 100vw, 1295px\" \/><\/a><\/p>\n<h3>un projet r\u00e9cent\u00a0 &#8211; Air Inuit &#8211; un syst\u00e8me de push-back pour palette d&rsquo;avions r\u00e9frig\u00e9r\u00e9 et congel\u00e9 fait sur mesure<\/h3>\n<p>Au printemps 2019 nous d\u00e9butons un projet de conception pour lequel aucune solution existante \u00e9tait disponible sur le march\u00e9; un syst\u00e8me push-back d&rsquo;entreposage r\u00e9frig\u00e9r\u00e9 et congel\u00e9 pour palette de cargo d&rsquo;avion. Notre client, Air Inuit, voulait construire leur nouveau centre de traitement de cargo d&rsquo;avion pour maximiser son efficacit\u00e9 op\u00e9rationnelle tout en minimisant l&rsquo;espace requis par un volume important de leur cargo a\u00e9rien; les produits congel\u00e9s et r\u00e9frig\u00e9r\u00e9s. en travaillant de fa\u00e7on diligente avec notre partenaire de syst\u00e8me de racking et d&rsquo;entreposage; <a href=\"https:\/\/www.meritonindustries.com\/\">Les Industries Meriton<\/a>, nous avons d\u00e9but\u00e9 avec la vision de notre client d&rsquo;utiliser des portes ultra rapides avec un syst\u00e8me de push-back encapsul\u00e9 par des panneaux isol\u00e9s et un syst\u00e8me de r\u00e9frig\u00e9ration pour concevoir et construire se que nous croyons \u00eatre le premier syst\u00e8me de push-back r\u00e9frig\u00e9r\u00e9 et congel\u00e9 pour palette d&rsquo;avions en op\u00e9ration aujourd&rsquo;hui.<\/p>\n<p style=\"text-align: center;\"><div id=\"metaslider-id-614\" style=\"width: 100%; margin: 0 auto;\" class=\"ml-slider-3-36-0 metaslider metaslider-nivo metaslider-614 ml-slider ms-theme-default\" role=\"region\" aria-roledescription=\"Slideshow\" aria-label=\"Slideshow\">\n    <div id=\"metaslider_container_614\">\n        <div class='slider-wrapper theme-default'><div class='ribbon'><\/div><div id='metaslider_614' class='nivoSlider'><img width=\"1050\" height=\"500\" src=\"https:\/\/frigoman.ca\/wp-content\/uploads\/2020\/04\/Cargo-WIP-1-1.jpg\" class=\"slider-614 slide-615\" alt=\"\" decoding=\"async\" loading=\"lazy\" data-caption=\"\" data-thumb=\"\" title=\"Cargo WIP 1\" rel=\"\" srcset=\"https:\/\/frigoman.ca\/wp-content\/uploads\/2020\/04\/Cargo-WIP-1-1.jpg 1050w, https:\/\/frigoman.ca\/wp-content\/uploads\/2020\/04\/Cargo-WIP-1-1-300x143.jpg 300w, https:\/\/frigoman.ca\/wp-content\/uploads\/2020\/04\/Cargo-WIP-1-1-1024x488.jpg 1024w, https:\/\/frigoman.ca\/wp-content\/uploads\/2020\/04\/Cargo-WIP-1-1-768x366.jpg 768w\" sizes=\"(max-width: 1050px) 100vw, 1050px\" \/><img width=\"1050\" height=\"500\" src=\"https:\/\/frigoman.ca\/wp-content\/uploads\/2020\/04\/Cargo-WIP-02-1.jpg\" class=\"slider-614 slide-617\" alt=\"\" decoding=\"async\" loading=\"lazy\" data-caption=\"\" data-thumb=\"\" title=\"Cargo WIP 02\" rel=\"\" srcset=\"https:\/\/frigoman.ca\/wp-content\/uploads\/2020\/04\/Cargo-WIP-02-1.jpg 1050w, https:\/\/frigoman.ca\/wp-content\/uploads\/2020\/04\/Cargo-WIP-02-1-300x143.jpg 300w, https:\/\/frigoman.ca\/wp-content\/uploads\/2020\/04\/Cargo-WIP-02-1-1024x488.jpg 1024w, https:\/\/frigoman.ca\/wp-content\/uploads\/2020\/04\/Cargo-WIP-02-1-768x366.jpg 768w\" sizes=\"(max-width: 1050px) 100vw, 1050px\" \/><img width=\"1050\" height=\"500\" src=\"https:\/\/frigoman.ca\/wp-content\/uploads\/2020\/04\/Cargo-WIP-1-2.jpg\" class=\"slider-614 slide-619\" alt=\"\" decoding=\"async\" loading=\"lazy\" data-caption=\"\" data-thumb=\"\" title=\"Cargo-WIP-1\" rel=\"\" srcset=\"https:\/\/frigoman.ca\/wp-content\/uploads\/2020\/04\/Cargo-WIP-1-2.jpg 1050w, https:\/\/frigoman.ca\/wp-content\/uploads\/2020\/04\/Cargo-WIP-1-2-300x143.jpg 300w, https:\/\/frigoman.ca\/wp-content\/uploads\/2020\/04\/Cargo-WIP-1-2-1024x488.jpg 1024w, https:\/\/frigoman.ca\/wp-content\/uploads\/2020\/04\/Cargo-WIP-1-2-768x366.jpg 768w\" sizes=\"(max-width: 1050px) 100vw, 1050px\" \/><img width=\"1050\" height=\"500\" src=\"https:\/\/frigoman.ca\/wp-content\/uploads\/2020\/04\/Cargo-WIP-2-1.jpg\" class=\"slider-614 slide-620\" alt=\"\" decoding=\"async\" loading=\"lazy\" data-caption=\"\" data-thumb=\"\" title=\"Cargo-WIP-2\" rel=\"\" srcset=\"https:\/\/frigoman.ca\/wp-content\/uploads\/2020\/04\/Cargo-WIP-2-1.jpg 1050w, https:\/\/frigoman.ca\/wp-content\/uploads\/2020\/04\/Cargo-WIP-2-1-300x143.jpg 300w, https:\/\/frigoman.ca\/wp-content\/uploads\/2020\/04\/Cargo-WIP-2-1-1024x488.jpg 1024w, https:\/\/frigoman.ca\/wp-content\/uploads\/2020\/04\/Cargo-WIP-2-1-768x366.jpg 768w\" sizes=\"(max-width: 1050px) 100vw, 1050px\" \/><img width=\"1008\" height=\"477\" src=\"https:\/\/frigoman.ca\/wp-content\/uploads\/2020\/04\/Cargo-WIP-3.jpg\" class=\"slider-614 slide-621\" alt=\"\" decoding=\"async\" loading=\"lazy\" data-caption=\"\" data-thumb=\"\" title=\"Cargo WIP 3\" rel=\"\" srcset=\"https:\/\/frigoman.ca\/wp-content\/uploads\/2020\/04\/Cargo-WIP-3.jpg 1008w, https:\/\/frigoman.ca\/wp-content\/uploads\/2020\/04\/Cargo-WIP-3-300x142.jpg 300w, https:\/\/frigoman.ca\/wp-content\/uploads\/2020\/04\/Cargo-WIP-3-768x363.jpg 768w\" sizes=\"(max-width: 1008px) 100vw, 1008px\" \/><img width=\"1008\" height=\"467\" src=\"https:\/\/frigoman.ca\/wp-content\/uploads\/2020\/04\/Cargo-WIP-4.jpg\" class=\"slider-614 slide-622\" alt=\"\" decoding=\"async\" loading=\"lazy\" data-caption=\"\" data-thumb=\"\" title=\"Cargo WIP 4\" rel=\"\" srcset=\"https:\/\/frigoman.ca\/wp-content\/uploads\/2020\/04\/Cargo-WIP-4.jpg 1008w, https:\/\/frigoman.ca\/wp-content\/uploads\/2020\/04\/Cargo-WIP-4-300x139.jpg 300w, https:\/\/frigoman.ca\/wp-content\/uploads\/2020\/04\/Cargo-WIP-4-768x356.jpg 768w\" sizes=\"(max-width: 1008px) 100vw, 1008px\" \/><img width=\"1008\" height=\"567\" src=\"https:\/\/frigoman.ca\/wp-content\/uploads\/2020\/04\/Cargo-WIP-5.jpg\" class=\"slider-614 slide-623\" alt=\"\" decoding=\"async\" loading=\"lazy\" data-caption=\"\" data-thumb=\"\" title=\"Cargo WIP 5\" rel=\"\" srcset=\"https:\/\/frigoman.ca\/wp-content\/uploads\/2020\/04\/Cargo-WIP-5.jpg 1008w, https:\/\/frigoman.ca\/wp-content\/uploads\/2020\/04\/Cargo-WIP-5-300x169.jpg 300w, https:\/\/frigoman.ca\/wp-content\/uploads\/2020\/04\/Cargo-WIP-5-768x432.jpg 768w\" sizes=\"(max-width: 1008px) 100vw, 1008px\" \/><img width=\"1008\" height=\"562\" src=\"https:\/\/frigoman.ca\/wp-content\/uploads\/2020\/04\/Cargo-WIP-7.jpg\" class=\"slider-614 slide-625\" alt=\"\" decoding=\"async\" loading=\"lazy\" data-caption=\"\" data-thumb=\"\" title=\"Cargo WIP 7\" rel=\"\" srcset=\"https:\/\/frigoman.ca\/wp-content\/uploads\/2020\/04\/Cargo-WIP-7.jpg 1008w, https:\/\/frigoman.ca\/wp-content\/uploads\/2020\/04\/Cargo-WIP-7-300x167.jpg 300w, https:\/\/frigoman.ca\/wp-content\/uploads\/2020\/04\/Cargo-WIP-7-768x428.jpg 768w\" sizes=\"(max-width: 1008px) 100vw, 1008px\" \/><img width=\"1008\" height=\"567\" src=\"https:\/\/frigoman.ca\/wp-content\/uploads\/2020\/04\/Iqube-1.jpg\" class=\"slider-614 slide-626\" alt=\"\" decoding=\"async\" loading=\"lazy\" data-caption=\"\" data-thumb=\"\" title=\"Iqube 1\" rel=\"\" srcset=\"https:\/\/frigoman.ca\/wp-content\/uploads\/2020\/04\/Iqube-1.jpg 1008w, https:\/\/frigoman.ca\/wp-content\/uploads\/2020\/04\/Iqube-1-300x169.jpg 300w, https:\/\/frigoman.ca\/wp-content\/uploads\/2020\/04\/Iqube-1-768x432.jpg 768w\" sizes=\"(max-width: 1008px) 100vw, 1008px\" \/><img width=\"1008\" height=\"477\" src=\"https:\/\/frigoman.ca\/wp-content\/uploads\/2020\/04\/Cargo-WIP-8.jpg\" class=\"slider-614 slide-627\" alt=\"\" decoding=\"async\" loading=\"lazy\" data-caption=\"\" data-thumb=\"\" title=\"Cargo WIP 8\" rel=\"\" srcset=\"https:\/\/frigoman.ca\/wp-content\/uploads\/2020\/04\/Cargo-WIP-8.jpg 1008w, https:\/\/frigoman.ca\/wp-content\/uploads\/2020\/04\/Cargo-WIP-8-300x142.jpg 300w, https:\/\/frigoman.ca\/wp-content\/uploads\/2020\/04\/Cargo-WIP-8-768x363.jpg 768w\" sizes=\"(max-width: 1008px) 100vw, 1008px\" \/><img width=\"1008\" height=\"477\" src=\"https:\/\/frigoman.ca\/wp-content\/uploads\/2020\/04\/Cargo-Pushback-1.jpg\" class=\"slider-614 slide-628\" alt=\"\" decoding=\"async\" loading=\"lazy\" data-caption=\"\" data-thumb=\"\" title=\"Cargo Pushback 1\" rel=\"\" srcset=\"https:\/\/frigoman.ca\/wp-content\/uploads\/2020\/04\/Cargo-Pushback-1.jpg 1008w, https:\/\/frigoman.ca\/wp-content\/uploads\/2020\/04\/Cargo-Pushback-1-300x142.jpg 300w, https:\/\/frigoman.ca\/wp-content\/uploads\/2020\/04\/Cargo-Pushback-1-768x363.jpg 768w\" sizes=\"(max-width: 1008px) 100vw, 1008px\" \/><img width=\"1368\" height=\"912\" src=\"https:\/\/frigoman.ca\/wp-content\/uploads\/2020\/04\/Mer-6.jpg\" class=\"slider-614 slide-629\" alt=\"\" decoding=\"async\" loading=\"lazy\" data-caption=\"\" data-thumb=\"\" title=\"Mer 6\" rel=\"\" srcset=\"https:\/\/frigoman.ca\/wp-content\/uploads\/2020\/04\/Mer-6.jpg 1368w, https:\/\/frigoman.ca\/wp-content\/uploads\/2020\/04\/Mer-6-300x200.jpg 300w, https:\/\/frigoman.ca\/wp-content\/uploads\/2020\/04\/Mer-6-1024x683.jpg 1024w, https:\/\/frigoman.ca\/wp-content\/uploads\/2020\/04\/Mer-6-768x512.jpg 768w, https:\/\/frigoman.ca\/wp-content\/uploads\/2020\/04\/Mer-6-1200x800.jpg 1200w, https:\/\/frigoman.ca\/wp-content\/uploads\/2020\/04\/Mer-6-620x413.jpg 620w, https:\/\/frigoman.ca\/wp-content\/uploads\/2020\/04\/Mer-6-400x267.jpg 400w\" sizes=\"(max-width: 1368px) 100vw, 1368px\" \/><img width=\"1368\" height=\"912\" src=\"https:\/\/frigoman.ca\/wp-content\/uploads\/2020\/04\/Mer-5.jpg\" class=\"slider-614 slide-630\" alt=\"\" decoding=\"async\" loading=\"lazy\" data-caption=\"\" data-thumb=\"\" title=\"Mer 5\" rel=\"\" srcset=\"https:\/\/frigoman.ca\/wp-content\/uploads\/2020\/04\/Mer-5.jpg 1368w, https:\/\/frigoman.ca\/wp-content\/uploads\/2020\/04\/Mer-5-300x200.jpg 300w, https:\/\/frigoman.ca\/wp-content\/uploads\/2020\/04\/Mer-5-1024x683.jpg 1024w, https:\/\/frigoman.ca\/wp-content\/uploads\/2020\/04\/Mer-5-768x512.jpg 768w, https:\/\/frigoman.ca\/wp-content\/uploads\/2020\/04\/Mer-5-1200x800.jpg 1200w, https:\/\/frigoman.ca\/wp-content\/uploads\/2020\/04\/Mer-5-620x413.jpg 620w, https:\/\/frigoman.ca\/wp-content\/uploads\/2020\/04\/Mer-5-400x267.jpg 400w\" sizes=\"(max-width: 1368px) 100vw, 1368px\" \/><img width=\"1296\" height=\"864\" src=\"https:\/\/frigoman.ca\/wp-content\/uploads\/2020\/04\/Mer-4.jpg\" class=\"slider-614 slide-636\" alt=\"\" decoding=\"async\" loading=\"lazy\" data-caption=\"\" data-thumb=\"\" title=\"Mer 4\" rel=\"\" srcset=\"https:\/\/frigoman.ca\/wp-content\/uploads\/2020\/04\/Mer-4.jpg 1296w, https:\/\/frigoman.ca\/wp-content\/uploads\/2020\/04\/Mer-4-300x200.jpg 300w, https:\/\/frigoman.ca\/wp-content\/uploads\/2020\/04\/Mer-4-1024x683.jpg 1024w, https:\/\/frigoman.ca\/wp-content\/uploads\/2020\/04\/Mer-4-768x512.jpg 768w\" sizes=\"(max-width: 1296px) 100vw, 1296px\" \/><img width=\"1315\" height=\"877\" src=\"https:\/\/frigoman.ca\/wp-content\/uploads\/2020\/04\/Mer-3.jpg\" class=\"slider-614 slide-637\" alt=\"\" decoding=\"async\" loading=\"lazy\" data-caption=\"\" data-thumb=\"\" title=\"Mer 3\" rel=\"\" srcset=\"https:\/\/frigoman.ca\/wp-content\/uploads\/2020\/04\/Mer-3.jpg 1315w, https:\/\/frigoman.ca\/wp-content\/uploads\/2020\/04\/Mer-3-300x200.jpg 300w, https:\/\/frigoman.ca\/wp-content\/uploads\/2020\/04\/Mer-3-1024x683.jpg 1024w, https:\/\/frigoman.ca\/wp-content\/uploads\/2020\/04\/Mer-3-768x512.jpg 768w, https:\/\/frigoman.ca\/wp-content\/uploads\/2020\/04\/Mer-3-1200x800.jpg 1200w, https:\/\/frigoman.ca\/wp-content\/uploads\/2020\/04\/Mer-3-620x413.jpg 620w, https:\/\/frigoman.ca\/wp-content\/uploads\/2020\/04\/Mer-3-400x267.jpg 400w\" sizes=\"(max-width: 1315px) 100vw, 1315px\" \/><\/div><\/div>\n        \n    <\/div>\n<\/div><\/p>\n<p>Le tout fonctionne \u00e0 perfection gr\u00e2ce au design et \u00e0 l&rsquo;ing\u00e9n\u00e9rie sans pr\u00e9c\u00e9dent du syst\u00e8me de push-back pour palette d&rsquo;avion con\u00e7u par <a href=\"https:\/\/www.meritonindustries.com\/\">Les Industries Meriton<\/a>, nos unit\u00e9s de r\u00e9frig\u00e9ration int\u00e9gr\u00e9 \u00e0 moyenne et basse temp\u00e9rature de <a href=\"http:\/\/www.rmi-airdyne.com\/\">RMI-Airdyne<\/a> et des portes isol\u00e9es ultra-rapide.<\/p>\n","protected":false},"excerpt":{"rendered":"<p>syst\u00e8me d&rsquo;entreposage et de Racking R\u00e9frig\u00e9r\u00e9 sur mesure Chez FrigoMan inc. nous vous offrons des solutions faites sur mesure pour&hellip;<\/p>\n","protected":false},"author":1,"featured_media":0,"parent":0,"menu_order":0,"comment_status":"closed","ping_status":"closed","template":"","meta":[],"translation":{"provider":"WPGlobus","version":"2.12.2","language":"qc","enabled_languages":["ca","qc"],"languages":{"ca":{"title":true,"content":true,"excerpt":false},"qc":{"title":true,"content":true,"excerpt":false}}},"yoast_head":"<!-- This site is optimized with the Yoast SEO plugin v20.13 - https:\/\/yoast.com\/wordpress\/plugins\/seo\/ -->\n<title>Refrigerated Racking Systems | Custom Racking Solutions | FrigoMan<\/title>\n<meta name=\"robots\" content=\"index, follow, max-snippet:-1, max-image-preview:large, max-video-preview:-1\" \/>\n<link rel=\"canonical\" href=\"https:\/\/frigoman.ca\/refrigerated-racking-systems\/\" \/>\n<meta property=\"og:locale\" content=\"fr_CA\" \/>\n<meta property=\"og:type\" content=\"article\" \/>\n<meta property=\"og:title\" content=\"Refrigerated Racking Systems | Custom Racking Solutions | FrigoMan\" \/>\n<meta property=\"og:url\" content=\"https:\/\/frigoman.ca\/refrigerated-racking-systems\/\" \/>\n<meta property=\"article:modified_time\" content=\"2020-05-15T15:40:03+00:00\" \/>\n<meta property=\"og:image\" content=\"http:\/\/frigoman.ca\/wp-content\/uploads\/2020\/04\/Mer2.jpg\" \/>\n<meta name=\"twitter:card\" content=\"summary_large_image\" \/>\n<meta name=\"twitter:label1\" content=\"Estimation du temps de lecture\" \/>\n\t<meta name=\"twitter:data1\" content=\"3 minutes\" \/>\n<script type=\"application\/ld+json\" class=\"yoast-schema-graph\">{\"@context\":\"https:\/\/schema.org\",\"@graph\":[{\"@type\":\"WebPage\",\"@id\":\"https:\/\/frigoman.ca\/refrigerated-racking-systems\/\",\"url\":\"https:\/\/frigoman.ca\/refrigerated-racking-systems\/\",\"name\":\"Refrigerated Racking Systems | Custom Racking Solutions | FrigoMan\",\"isPartOf\":{\"@id\":\"https:\/\/frigoman.ca\/#website\"},\"datePublished\":\"2020-04-29T19:45:23+00:00\",\"dateModified\":\"2020-05-15T15:40:03+00:00\",\"description\":\"Refrigerated Racking Systems and Custom Racking Solutions. Frigoman can provide you with customized solutions for all your refrigerated and frozen storage needs.\",\"breadcrumb\":{\"@id\":\"https:\/\/frigoman.ca\/refrigerated-racking-systems\/#breadcrumb\"},\"inLanguage\":\"fr-CA\",\"potentialAction\":[{\"@type\":\"ReadAction\",\"target\":[\"https:\/\/frigoman.ca\/refrigerated-racking-systems\/\"]}]},{\"@type\":\"BreadcrumbList\",\"@id\":\"https:\/\/frigoman.ca\/refrigerated-racking-systems\/#breadcrumb\",\"itemListElement\":[{\"@type\":\"ListItem\",\"position\":1,\"name\":\"Home\",\"item\":\"https:\/\/frigoman.ca\/\"},{\"@type\":\"ListItem\",\"position\":2,\"name\":\"Refrigerated Racking Systems\"}]},{\"@type\":\"WebSite\",\"@id\":\"https:\/\/frigoman.ca\/#website\",\"url\":\"https:\/\/frigoman.ca\/\",\"name\":\"\",\"description\":\"Les Sp&eacute;cialistes en R&eacute;frig&eacute;ration Commerciale\",\"publisher\":{\"@id\":\"https:\/\/frigoman.ca\/#organization\"},\"potentialAction\":[{\"@type\":\"SearchAction\",\"target\":{\"@type\":\"EntryPoint\",\"urlTemplate\":\"https:\/\/frigoman.ca\/?s={search_term_string}\"},\"query-input\":\"required name=search_term_string\"}],\"inLanguage\":\"fr-CA\"},{\"@type\":\"Organization\",\"@id\":\"https:\/\/frigoman.ca\/#organization\",\"name\":\"FrigoMan inc.\",\"url\":\"https:\/\/frigoman.ca\/\",\"logo\":{\"@type\":\"ImageObject\",\"inLanguage\":\"fr-CA\",\"@id\":\"https:\/\/frigoman.ca\/#\/schema\/logo\/image\/\",\"url\":\"http:\/\/frigoman.ca\/wp-content\/uploads\/2018\/06\/Website-logo-Frigoman.png\",\"contentUrl\":\"http:\/\/frigoman.ca\/wp-content\/uploads\/2018\/06\/Website-logo-Frigoman.png\",\"width\":288,\"height\":99,\"caption\":\"FrigoMan inc.\"},\"image\":{\"@id\":\"https:\/\/frigoman.ca\/#\/schema\/logo\/image\/\"}}]}<\/script>\n<!-- \/ Yoast SEO plugin. -->","yoast_head_json":{"title":"Refrigerated Racking Systems | Custom Racking Solutions | FrigoMan","robots":{"index":"index","follow":"follow","max-snippet":"max-snippet:-1","max-image-preview":"max-image-preview:large","max-video-preview":"max-video-preview:-1"},"canonical":"https:\/\/frigoman.ca\/refrigerated-racking-systems\/","og_locale":"fr_CA","og_type":"article","og_title":"Refrigerated Racking Systems | Custom Racking Solutions | FrigoMan","og_url":"https:\/\/frigoman.ca\/refrigerated-racking-systems\/","article_modified_time":"2020-05-15T15:40:03+00:00","og_image":[{"url":"http:\/\/frigoman.ca\/wp-content\/uploads\/2020\/04\/Mer2.jpg"}],"twitter_card":"summary_large_image","twitter_misc":{"Estimation du temps de lecture":"3 minutes"},"schema":{"@context":"https:\/\/schema.org","@graph":[{"@type":"WebPage","@id":"https:\/\/frigoman.ca\/refrigerated-racking-systems\/","url":"https:\/\/frigoman.ca\/refrigerated-racking-systems\/","name":"Refrigerated Racking Systems | Custom Racking Solutions | FrigoMan","isPartOf":{"@id":"https:\/\/frigoman.ca\/#website"},"datePublished":"2020-04-29T19:45:23+00:00","dateModified":"2020-05-15T15:40:03+00:00","description":"Refrigerated Racking Systems and Custom Racking Solutions. Frigoman can provide you with customized solutions for all your refrigerated and frozen storage needs.","breadcrumb":{"@id":"https:\/\/frigoman.ca\/refrigerated-racking-systems\/#breadcrumb"},"inLanguage":"fr-CA","potentialAction":[{"@type":"ReadAction","target":["https:\/\/frigoman.ca\/refrigerated-racking-systems\/"]}]},{"@type":"BreadcrumbList","@id":"https:\/\/frigoman.ca\/refrigerated-racking-systems\/#breadcrumb","itemListElement":[{"@type":"ListItem","position":1,"name":"Home","item":"https:\/\/frigoman.ca\/"},{"@type":"ListItem","position":2,"name":"Refrigerated Racking Systems"}]},{"@type":"WebSite","@id":"https:\/\/frigoman.ca\/#website","url":"https:\/\/frigoman.ca\/","name":"","description":"Les Sp&eacute;cialistes en R&eacute;frig&eacute;ration Commerciale","publisher":{"@id":"https:\/\/frigoman.ca\/#organization"},"potentialAction":[{"@type":"SearchAction","target":{"@type":"EntryPoint","urlTemplate":"https:\/\/frigoman.ca\/?s={search_term_string}"},"query-input":"required name=search_term_string"}],"inLanguage":"fr-CA"},{"@type":"Organization","@id":"https:\/\/frigoman.ca\/#organization","name":"FrigoMan inc.","url":"https:\/\/frigoman.ca\/","logo":{"@type":"ImageObject","inLanguage":"fr-CA","@id":"https:\/\/frigoman.ca\/#\/schema\/logo\/image\/","url":"http:\/\/frigoman.ca\/wp-content\/uploads\/2018\/06\/Website-logo-Frigoman.png","contentUrl":"http:\/\/frigoman.ca\/wp-content\/uploads\/2018\/06\/Website-logo-Frigoman.png","width":288,"height":99,"caption":"FrigoMan inc."},"image":{"@id":"https:\/\/frigoman.ca\/#\/schema\/logo\/image\/"}}]}},"_links":{"self":[{"href":"https:\/\/frigoman.ca\/qc\/wp-json\/wp\/v2\/pages\/589"}],"collection":[{"href":"https:\/\/frigoman.ca\/qc\/wp-json\/wp\/v2\/pages"}],"about":[{"href":"https:\/\/frigoman.ca\/qc\/wp-json\/wp\/v2\/types\/page"}],"author":[{"embeddable":true,"href":"https:\/\/frigoman.ca\/qc\/wp-json\/wp\/v2\/users\/1"}],"replies":[{"embeddable":true,"href":"https:\/\/frigoman.ca\/qc\/wp-json\/wp\/v2\/comments?post=589"}],"version-history":[{"count":9,"href":"https:\/\/frigoman.ca\/qc\/wp-json\/wp\/v2\/pages\/589\/revisions"}],"predecessor-version":[{"id":647,"href":"https:\/\/frigoman.ca\/qc\/wp-json\/wp\/v2\/pages\/589\/revisions\/647"}],"wp:attachment":[{"href":"https:\/\/frigoman.ca\/qc\/wp-json\/wp\/v2\/media?parent=589"}],"curies":[{"name":"wp","href":"https:\/\/api.w.org\/{rel}","templated":true}]}}